{"id":10861,"date":"2022-05-05T10:53:55","date_gmt":"2022-05-05T08:53:55","guid":{"rendered":"https:\/\/sparrks.io\/?page_id=10861"},"modified":"2025-03-06T09:02:05","modified_gmt":"2025-03-06T08:02:05","slug":"imprint","status":"publish","type":"page","link":"https:\/\/sparrks.io\/en\/impressum\/","title":{"rendered":"Imprint"},"content":{"rendered":"<div data-elementor-type=\"wp-page\" data-elementor-id=\"10861\" class=\"elementor elementor-10861\" data-elementor-post-type=\"page\">\n\t\t\t\t<div data-particle_enable=\"false\" data-particle-mobile-disabled=\"false\" class=\"elementor-element elementor-element-1b6706d e-flex e-con-boxed e-con e-parent\" data-id=\"1b6706d\" data-element_type=\"container\" data-e-type=\"container\" data-settings=\"{&quot;background_background&quot;:&quot;classic&quot;}\">\n\t\t\t\t\t<div class=\"e-con-inner\">\n\t\t\t\t<div class=\"elementor-element elementor-element-0a0620d elementor-widget elementor-widget-heading\" data-id=\"0a0620d\" data-element_type=\"widget\" data-e-type=\"widget\" data-widget_type=\"heading.default\">\n\t\t\t\t<div class=\"elementor-widget-container\">\n\t\t\t\t\t<h1 class=\"elementor-heading-title elementor-size-default\">Imprint<\/h1>\t\t\t\t<\/div>\n\t\t\t\t<\/div>\n\t\t\t\t<div class=\"elementor-element elementor-element-fa315fd elementor-widget elementor-widget-text-editor\" data-id=\"fa315fd\" data-element_type=\"widget\" data-e-type=\"widget\" data-widget_type=\"text-editor.default\">\n\t\t\t\t<div class=\"elementor-widget-container\">\n\t\t\t\t\t\t\t\t\t<p>Sparrks Service GmbH<\/p>\t\t\t\t\t\t\t\t<\/div>\n\t\t\t\t<\/div>\n\t\t\t\t\t<\/div>\n\t\t\t\t<\/div>\n\t\t<div data-particle_enable=\"false\" data-particle-mobile-disabled=\"false\" class=\"elementor-element elementor-element-acc6dfb e-flex e-con-boxed e-con e-parent\" data-id=\"acc6dfb\" data-element_type=\"container\" data-e-type=\"container\">\n\t\t\t\t\t<div class=\"e-con-inner\">\n\t\t<div data-particle_enable=\"false\" data-particle-mobile-disabled=\"false\" class=\"elementor-element elementor-element-58e0464 e-con-full e-flex e-con e-child\" data-id=\"58e0464\" data-element_type=\"container\" data-e-type=\"container\">\n\t\t<div data-particle_enable=\"false\" data-particle-mobile-disabled=\"false\" class=\"elementor-element elementor-element-7ee0e6e e-con-full e-flex e-con e-child\" data-id=\"7ee0e6e\" data-element_type=\"container\" data-e-type=\"container\">\n\t\t\t\t<div class=\"elementor-element elementor-element-5e5d94f elementor-widget elementor-widget-text-editor\" data-id=\"5e5d94f\" data-element_type=\"widget\" data-e-type=\"widget\" data-widget_type=\"text-editor.default\">\n\t\t\t\t<div class=\"elementor-widget-container\">\n\t\t\t\t\t\t\t\t\t<p>SPARRKS Service GmbH<br \/>Sch\u00f6nhauser Allee 167c, 10435 Berlin, Germany<br \/>Amtsgericht Charlottenburg (Berlin),HRB 226047 B<br \/>Tax number: 37\/539\/50434<br \/>VAT number: DE341631384<br \/>+49 (0)30 52014961<br \/>info@sparrks.de<\/p><p>Managing Directors: Jakob Hansen, Dr. Nicolas Stephan<\/p>\t\t\t\t\t\t\t\t<\/div>\n\t\t\t\t<\/div>\n\t\t\t\t<\/div>\n\t\t<div data-particle_enable=\"false\" data-particle-mobile-disabled=\"false\" class=\"elementor-element elementor-element-31daee2 e-con-full elementor-hidden-mobile e-flex e-con e-child\" data-id=\"31daee2\" data-element_type=\"container\" data-e-type=\"container\">\n\t\t\t\t<\/div>\n\t\t\t\t<\/div>\n\t\t<div data-particle_enable=\"false\" data-particle-mobile-disabled=\"false\" class=\"elementor-element elementor-element-ceac63b e-con-full e-flex e-con e-child\" data-id=\"ceac63b\" data-element_type=\"container\" data-e-type=\"container\">\n\t\t\t\t<div class=\"elementor-element elementor-element-ea04747 elementor-widget elementor-widget-heading\" data-id=\"ea04747\" data-element_type=\"widget\" data-e-type=\"widget\" data-widget_type=\"heading.default\">\n\t\t\t\t<div class=\"elementor-widget-container\">\n\t\t\t\t\t<h2 class=\"elementor-heading-title elementor-size-default\">Disclaimer<\/h2>\t\t\t\t<\/div>\n\t\t\t\t<\/div>\n\t\t\t\t<div class=\"elementor-element elementor-element-9a6a9f7 elementor-widget elementor-widget-heading\" data-id=\"9a6a9f7\" data-element_type=\"widget\" data-e-type=\"widget\" data-widget_type=\"heading.default\">\n\t\t\t\t<div class=\"elementor-widget-container\">\n\t\t\t\t\t<h3 class=\"elementor-heading-title elementor-size-default\">Liability for content<\/h3>\t\t\t\t<\/div>\n\t\t\t\t<\/div>\n\t\t\t\t<div class=\"elementor-element elementor-element-2de1e0b elementor-widget elementor-widget-text-editor\" data-id=\"2de1e0b\" data-element_type=\"widget\" data-e-type=\"widget\" data-widget_type=\"text-editor.default\">\n\t\t\t\t<div class=\"elementor-widget-container\">\n\t\t\t\t\t\t\t\t\tThe contents of our pages were created with great care. However, we cannot accept any liability for the correctness, completeness and topicality of the content. As a service provider, we are responsible for our own content on these pages in accordance with general law in accordance with Section 7 (1) of the German Telemedia Act. According to \u00a7\u00a7 8 to 10 TMG, as a service provider, we are not obliged to monitor transmitted or stored third-party information or to research circumstances that indicate illegal activity. Obligations to remove or block the use of information in accordance with general laws remain unaffected. Liability in this regard is only possible from the point in time at which we become aware of a specific legal violation. As soon as we become aware of such legal violations, we will remove this content immediately.\t\t\t\t\t\t\t\t<\/div>\n\t\t\t\t<\/div>\n\t\t\t\t<div class=\"elementor-element elementor-element-0ee0337 elementor-widget elementor-widget-heading\" data-id=\"0ee0337\" data-element_type=\"widget\" data-e-type=\"widget\" data-widget_type=\"heading.default\">\n\t\t\t\t<div class=\"elementor-widget-container\">\n\t\t\t\t\t<h3 class=\"elementor-heading-title elementor-size-default\">Copyright<\/h3>\t\t\t\t<\/div>\n\t\t\t\t<\/div>\n\t\t\t\t<div class=\"elementor-element elementor-element-0d6b325 elementor-widget elementor-widget-text-editor\" data-id=\"0d6b325\" data-element_type=\"widget\" data-e-type=\"widget\" data-widget_type=\"text-editor.default\">\n\t\t\t\t<div class=\"elementor-widget-container\">\n\t\t\t\t\t\t\t\t\tThe content and works on these pages created by the website operator are subject to German copyright law. The duplication, processing, distribution and any kind of exploitation outside the limits of copyright law require the written consent of the respective author or creator. Downloads and copies of this website are only permitted for private, non-commercial use. Insofar as the content on this site was not created by the operator, the copyrights of third parties are observed. In particular contents of third parties are marked as such. Should you nevertheless become aware of a copyright infringement, we would ask you to notify us accordingly. As soon as we become aware of legal violations, we will remove such content immediately.\t\t\t\t\t\t\t\t<\/div>\n\t\t\t\t<\/div>\n\t\t\t\t<div class=\"elementor-element elementor-element-ff75fbf elementor-widget elementor-widget-heading\" data-id=\"ff75fbf\" data-element_type=\"widget\" data-e-type=\"widget\" data-widget_type=\"heading.default\">\n\t\t\t\t<div class=\"elementor-widget-container\">\n\t\t\t\t\t<h4 class=\"elementor-heading-title elementor-size-default\">Graphic and pictures<\/h4>\t\t\t\t<\/div>\n\t\t\t\t<\/div>\n\t\t\t\t<div class=\"elementor-element elementor-element-3143a18 elementor-widget elementor-widget-text-editor\" data-id=\"3143a18\" data-element_type=\"widget\" data-e-type=\"widget\" data-widget_type=\"text-editor.default\">\n\t\t\t\t<div class=\"elementor-widget-container\">\n\t\t\t\t\t\t\t\t\tThe graphics and images on this website were either created or designed by us, <a href=\"http:\/\/www.freepik.com\">freepik<\/a>, pexels or iStock.\t\t\t\t\t\t\t\t<\/div>\n\t\t\t\t<\/div>\n\t\t\t\t<div class=\"elementor-element elementor-element-6271b95 elementor-widget elementor-widget-heading\" data-id=\"6271b95\" data-element_type=\"widget\" data-e-type=\"widget\" data-widget_type=\"heading.default\">\n\t\t\t\t<div class=\"elementor-widget-container\">\n\t\t\t\t\t<h3 class=\"elementor-heading-title elementor-size-default\">Privacy<\/h3>\t\t\t\t<\/div>\n\t\t\t\t<\/div>\n\t\t\t\t<div class=\"elementor-element elementor-element-0e9784b elementor-widget elementor-widget-text-editor\" data-id=\"0e9784b\" data-element_type=\"widget\" data-e-type=\"widget\" data-widget_type=\"text-editor.default\">\n\t\t\t\t<div class=\"elementor-widget-container\">\n\t\t\t\t\t\t\t\t\tThe use of our website is generally possible without providing personal data. Insofar as personal data (for example name, address or e-mail addresses) is collected on our pages, this is always done, as far as possible, on a voluntary basis. This data will not be passed on to third parties without your express consent. We point out that data transmission over the Internet (eg communication by e-mail) security gaps. Complete protection of data against access by third parties is not possible. The use of contact data published within the framework of the imprint obligation by third parties for the purpose of sending unsolicited advertising and information material is hereby expressly prohibited. The operators of the pages expressly reserve the right to take legal action in the event of the unsolicited sending of advertising information, such as spam e-mails.\t\t\t\t\t\t\t\t<\/div>\n\t\t\t\t<\/div>\n\t\t\t\t<\/div>\n\t\t\t\t\t<\/div>\n\t\t\t\t<\/div>\n\t\t<div data-particle_enable=\"false\" data-particle-mobile-disabled=\"false\" class=\"elementor-element elementor-element-59ca075 e-con-full e-flex e-con e-parent\" data-id=\"59ca075\" data-element_type=\"container\" data-e-type=\"container\">\n\t\t\t\t<div class=\"elementor-element elementor-element-45e305b elementor-widget elementor-widget-template\" data-id=\"45e305b\" data-element_type=\"widget\" data-e-type=\"widget\" data-widget_type=\"template.default\">\n\t\t\t\t<div class=\"elementor-widget-container\">\n\t\t\t\t\t\t\t<div class=\"elementor-template\">\n\t\t\t\t\t<div data-elementor-type=\"page\" data-elementor-id=\"10876\" class=\"elementor elementor-10876\" data-elementor-post-type=\"elementor_library\">\n\t\t\t\t<div data-particle_enable=\"false\" data-particle-mobile-disabled=\"false\" class=\"elementor-element elementor-element-2df40f5 e-flex e-con-boxed e-con e-parent\" data-id=\"2df40f5\" data-element_type=\"container\" data-e-type=\"container\" data-settings=\"{&quot;background_background&quot;:&quot;gradient&quot;}\">\n\t\t\t\t\t<div class=\"e-con-inner\">\n\t\t\t\t<div class=\"elementor-element elementor-element-c8028f3 elementor-widget elementor-widget-heading\" data-id=\"c8028f3\" data-element_type=\"widget\" data-e-type=\"widget\" data-widget_type=\"heading.default\">\n\t\t\t\t<div class=\"elementor-widget-container\">\n\t\t\t\t\t<h2 class=\"elementor-heading-title elementor-size-default\">Questions?<\/h2>\t\t\t\t<\/div>\n\t\t\t\t<\/div>\n\t\t\t\t<div class=\"elementor-element elementor-element-260d033 elementor-widget elementor-widget-text-editor\" data-id=\"260d033\" data-element_type=\"widget\" data-e-type=\"widget\" data-widget_type=\"text-editor.default\">\n\t\t\t\t<div class=\"elementor-widget-container\">\n\t\t\t\t\t\t\t\t\t<p><span style=\"font-weight: 400;\">Get in touch with us!<\/span><\/p>\t\t\t\t\t\t\t\t<\/div>\n\t\t\t\t<\/div>\n\t\t\t\t<div class=\"elementor-element elementor-element-1b69c0d elementor-widget elementor-widget-image\" data-id=\"1b69c0d\" data-element_type=\"widget\" data-e-type=\"widget\" data-widget_type=\"image.default\">\n\t\t\t\t<div class=\"elementor-widget-container\">\n\t\t\t\t\t\t\t\t\t\t\t\t\t\t\t<img decoding=\"async\" src=\"https:\/\/sparrks.io\/wp-content\/uploads\/elementor\/thumbs\/Sparrks_Coaching_Expert_Small-qq01qjm6czqik5maba7i7cxn8ouupm4irv49l2q2xo.jpg\" title=\"Female Sparrks Coaching Expert\" alt=\"Portrait einer lachenden F\u00fchrungskr\u00e4fte Coaching Expertin\" loading=\"lazy\" \/>\t\t\t\t\t\t\t\t\t\t\t\t\t\t\t<\/div>\n\t\t\t\t<\/div>\n\t\t<div data-particle_enable=\"false\" data-particle-mobile-disabled=\"false\" class=\"elementor-element elementor-element-598017c e-flex e-con-boxed e-con e-child\" data-id=\"598017c\" data-element_type=\"container\" data-e-type=\"container\">\n\t\t\t\t\t<div class=\"e-con-inner\">\n\t\t\t\t<div class=\"elementor-element elementor-element-b48d036 elementor-view-default elementor-widget elementor-widget-icon\" data-id=\"b48d036\" data-element_type=\"widget\" data-e-type=\"widget\" data-widget_type=\"icon.default\">\n\t\t\t\t<div class=\"elementor-widget-container\">\n\t\t\t\t\t\t\t<div class=\"elementor-icon-wrapper\">\n\t\t\t<div class=\"elementor-icon\">\n\t\t\t<svg aria-hidden=\"true\" class=\"e-font-icon-svg e-fas-phone-alt\" viewbox=\"0 0 512 512\" xmlns=\"http:\/\/www.w3.org\/2000\/svg\"><path d=\"M497.39 361.8l-112-48a24 24 0 0 0-28 6.9l-49.6 60.6A370.66 370.66 0 0 1 130.6 204.11l60.6-49.6a23.94 23.94 0 0 0 6.9-28l-48-112A24.16 24.16 0 0 0 122.6.61l-104 24A24 24 0 0 0 0 48c0 256.5 207.9 464 464 464a24 24 0 0 0 23.4-18.6l24-104a24.29 24.29 0 0 0-14.01-27.6z\"><\/path><\/svg>\t\t\t<\/div>\n\t\t<\/div>\n\t\t\t\t\t\t<\/div>\n\t\t\t\t<\/div>\n\t\t\t\t<div class=\"elementor-element elementor-element-dc80b4f elementor-widget elementor-widget-text-editor\" data-id=\"dc80b4f\" data-element_type=\"widget\" data-e-type=\"widget\" data-widget_type=\"text-editor.default\">\n\t\t\t\t<div class=\"elementor-widget-container\">\n\t\t\t\t\t\t\t\t\t<p><span style=\"color: #ffffff;\"><a style=\"color: #ffffff;\" href=\"tel:004903052014961\">+49 (0)30 52014961<\/a><\/span><\/p>\t\t\t\t\t\t\t\t<\/div>\n\t\t\t\t<\/div>\n\t\t\t\t<div class=\"elementor-element elementor-element-ad2edb8 elementor-hidden-mobile elementor-widget elementor-widget-text-editor\" data-id=\"ad2edb8\" data-element_type=\"widget\" data-e-type=\"widget\" data-widget_type=\"text-editor.default\">\n\t\t\t\t<div class=\"elementor-widget-container\">\n\t\t\t\t\t\t\t\t\t|\t\t\t\t\t\t\t\t<\/div>\n\t\t\t\t<\/div>\n\t\t\t\t<div class=\"elementor-element elementor-element-3feb501 elementor-view-default elementor-widget elementor-widget-icon\" data-id=\"3feb501\" data-element_type=\"widget\" data-e-type=\"widget\" data-widget_type=\"icon.default\">\n\t\t\t\t<div class=\"elementor-widget-container\">\n\t\t\t\t\t\t\t<div class=\"elementor-icon-wrapper\">\n\t\t\t<div class=\"elementor-icon\">\n\t\t\t<svg aria-hidden=\"true\" class=\"e-font-icon-svg e-fas-envelope\" viewbox=\"0 0 512 512\" xmlns=\"http:\/\/www.w3.org\/2000\/svg\"><path d=\"M502.3 190.8c3.9-3.1 9.7-.2 9.7 4.7V400c0 26.5-21.5 48-48 48H48c-26.5 0-48-21.5-48-48V195.6c0-5 5.7-7.8 9.7-4.7 22.4 17.4 52.1 39.5 154.1 113.6 21.1 15.4 56.7 47.8 92.2 47.6 35.7.3 72-32.8 92.3-47.6 102-74.1 131.6-96.3 154-113.7zM256 320c23.2.4 56.6-29.2 73.4-41.4 132.7-96.3 142.8-104.7 173.4-128.7 5.8-4.5 9.2-11.5 9.2-18.9v-19c0-26.5-21.5-48-48-48H48C21.5 64 0 85.5 0 112v19c0 7.4 3.4 14.3 9.2 18.9 30.6 23.9 40.7 32.4 173.4 128.7 16.8 12.2 50.2 41.8 73.4 41.4z\"><\/path><\/svg>\t\t\t<\/div>\n\t\t<\/div>\n\t\t\t\t\t\t<\/div>\n\t\t\t\t<\/div>\n\t\t\t\t<div class=\"elementor-element elementor-element-35c07e4 elementor-widget elementor-widget-text-editor\" data-id=\"35c07e4\" data-element_type=\"widget\" data-e-type=\"widget\" data-widget_type=\"text-editor.default\">\n\t\t\t\t<div class=\"elementor-widget-container\">\n\t\t\t\t\t\t\t\t\t<p><span style=\"color: #ffffff;\"><a style=\"color: #ffffff;\" href=\"\/en\/info@sparrks.de\/\">info@sparrks.de<\/a><\/span><\/p>\t\t\t\t\t\t\t\t<\/div>\n\t\t\t\t<\/div>\n\t\t\t\t\t<\/div>\n\t\t\t\t<\/div>\n\t\t\t\t\t<\/div>\n\t\t\t\t<\/div>\n\t\t\t\t<\/div>\n\t\t\t\t<\/div>\n\t\t\t\t\t\t<\/div>\n\t\t\t\t<\/div>\n\t\t\t\t<\/div>\n\t\t\t\t<\/div>","protected":false},"excerpt":{"rendered":"<p>Impressum Sparrks Service GmbH SPARRKS Service GmbHSch\u00f6nhauser Allee 167c, 10435 BerlinAmtsgericht Charlottenburg (Berlin),HRB 226047 BSteuernummer: 37\/539\/50434Umsatzsteuer-ID: DE341631384+49 (0)30 52014961info@sparrks.de Managing Directors: Jakob Hansen, Dr. Nicolas Stephan Haftungsausschluss: Haftung f\u00fcr Inhalte Die Inhalte unserer Seiten wurden mit gr\u00f6\u00dfter Sorgfalt erstellt. F\u00fcr die Richtigkeit, Vollst\u00e4ndigkeit und Aktualit\u00e4t der Inhalte k\u00f6nnen wir jedoch keine Gew\u00e4hr \u00fcbernehmen. Als Diensteanbieter [&hellip;]<\/p>\n","protected":false},"author":1,"featured_media":0,"parent":0,"menu_order":0,"comment_status":"closed","ping_status":"closed","template":"","meta":{"_acf_changed":false,"content-type":"","footnotes":""},"categories":[],"tags":[],"class_list":["post-10861","page","type-page","status-publish","hentry"],"acf":[],"yoast_head":"<!-- This site is optimized with the Yoast SEO plugin v27.2 - https:\/\/yoast.com\/product\/yoast-seo-wordpress\/ -->\n<title>Impressum - Sparrks<\/title>\n<meta name=\"description\" content=\"Sparrks Service GmbH Impressum \u2013 1:1 Premium Coaching &amp; Personal Development Unternehmen aus Berlin, Deutschland\" \/>\n<meta name=\"robots\" content=\"index, follow, max-snippet:-1, max-image-preview:large, max-video-preview:-1\" \/>\n<link rel=\"canonical\" href=\"https:\/\/sparrks.io\/en\/imprint\/\" \/>\n<meta property=\"og:locale\" content=\"en_US\" \/>\n<meta property=\"og:type\" content=\"article\" \/>\n<meta property=\"og:title\" content=\"Impressum - Sparrks\" \/>\n<meta property=\"og:description\" content=\"Sparrks Service GmbH Impressum \u2013 1:1 Premium Coaching &amp; Personal Development Unternehmen aus Berlin, Deutschland\" \/>\n<meta property=\"og:url\" content=\"https:\/\/sparrks.io\/en\/imprint\/\" \/>\n<meta property=\"og:site_name\" content=\"Sparrks\" \/>\n<meta property=\"article:modified_time\" content=\"2025-03-06T08:02:05+00:00\" \/>\n<meta name=\"twitter:card\" content=\"summary_large_image\" \/>\n<meta name=\"twitter:label1\" content=\"Est. reading time\" \/>\n\t<meta name=\"twitter:data1\" content=\"3 minutes\" \/>\n<script type=\"application\/ld+json\" class=\"yoast-schema-graph\">{\"@context\":\"https:\/\/schema.org\",\"@graph\":[{\"@type\":\"WebPage\",\"@id\":\"https:\/\/sparrks.io\/impressum\/\",\"url\":\"https:\/\/sparrks.io\/impressum\/\",\"name\":\"Impressum - Sparrks\",\"isPartOf\":{\"@id\":\"https:\/\/sparrks.io\/#website\"},\"datePublished\":\"2022-05-05T08:53:55+00:00\",\"dateModified\":\"2025-03-06T08:02:05+00:00\",\"description\":\"Sparrks Service GmbH Impressum \u2013 1:1 Premium Coaching & Personal Development Unternehmen aus Berlin, Deutschland\",\"breadcrumb\":{\"@id\":\"https:\/\/sparrks.io\/impressum\/#breadcrumb\"},\"inLanguage\":\"en-US\",\"potentialAction\":[{\"@type\":\"ReadAction\",\"target\":[\"https:\/\/sparrks.io\/impressum\/\"]}]},{\"@type\":\"BreadcrumbList\",\"@id\":\"https:\/\/sparrks.io\/impressum\/#breadcrumb\",\"itemListElement\":[{\"@type\":\"ListItem\",\"position\":1,\"name\":\"Home\",\"item\":\"https:\/\/sparrks.io\/\"},{\"@type\":\"ListItem\",\"position\":2,\"name\":\"Imprint\"}]},{\"@type\":\"WebSite\",\"@id\":\"https:\/\/sparrks.io\/#website\",\"url\":\"https:\/\/sparrks.io\/\",\"name\":\"Sparrks\",\"description\":\"Coaching Plattform f\u00fcr Unternehmen\",\"publisher\":{\"@id\":\"https:\/\/sparrks.io\/#organization\"},\"potentialAction\":[{\"@type\":\"SearchAction\",\"target\":{\"@type\":\"EntryPoint\",\"urlTemplate\":\"https:\/\/sparrks.io\/?s={search_term_string}\"},\"query-input\":{\"@type\":\"PropertyValueSpecification\",\"valueRequired\":true,\"valueName\":\"search_term_string\"}}],\"inLanguage\":\"en-US\"},{\"@type\":\"Organization\",\"@id\":\"https:\/\/sparrks.io\/#organization\",\"name\":\"SPARRKS Service GmbH\",\"url\":\"https:\/\/sparrks.io\/\",\"logo\":{\"@type\":\"ImageObject\",\"inLanguage\":\"en-US\",\"@id\":\"https:\/\/sparrks.io\/#\/schema\/logo\/image\/\",\"url\":\"https:\/\/sparrks.io\/wp-content\/uploads\/2021\/09\/Sparrks_Logo.svg\",\"contentUrl\":\"https:\/\/sparrks.io\/wp-content\/uploads\/2021\/09\/Sparrks_Logo.svg\",\"width\":100,\"height\":100,\"caption\":\"SPARRKS Service GmbH\"},\"image\":{\"@id\":\"https:\/\/sparrks.io\/#\/schema\/logo\/image\/\"},\"sameAs\":[\"https:\/\/www.linkedin.com\/company\/sparrks\",\"https:\/\/www.youtube.com\/channel\/UCXmPfD7LDocRfr1nXQq3kKg\/\",\"https:\/\/de.linkedin.com\/company\/sparrks\"]}]}<\/script>\n<!-- \/ Yoast SEO plugin. -->","yoast_head_json":{"title":"Imprint - Sparrks","description":"Sparrks Service GmbH Imprint - 1:1 Premium Coaching &amp; Personal Development Company from Berlin, Germany","robots":{"index":"index","follow":"follow","max-snippet":"max-snippet:-1","max-image-preview":"max-image-preview:large","max-video-preview":"max-video-preview:-1"},"canonical":"https:\/\/sparrks.io\/en\/imprint\/","og_locale":"en_US","og_type":"article","og_title":"Impressum - Sparrks","og_description":"Sparrks Service GmbH Impressum \u2013 1:1 Premium Coaching & Personal Development Unternehmen aus Berlin, Deutschland","og_url":"https:\/\/sparrks.io\/en\/imprint\/","og_site_name":"Sparrks","article_modified_time":"2025-03-06T08:02:05+00:00","twitter_card":"summary_large_image","twitter_misc":{"Est. reading time":"3 minutes"},"schema":{"@context":"https:\/\/schema.org","@graph":[{"@type":"WebPage","@id":"https:\/\/sparrks.io\/impressum\/","url":"https:\/\/sparrks.io\/impressum\/","name":"Imprint - Sparrks","isPartOf":{"@id":"https:\/\/sparrks.io\/#website"},"datePublished":"2022-05-05T08:53:55+00:00","dateModified":"2025-03-06T08:02:05+00:00","description":"Sparrks Service GmbH Imprint - 1:1 Premium Coaching &amp; Personal Development Company from Berlin, Germany","breadcrumb":{"@id":"https:\/\/sparrks.io\/impressum\/#breadcrumb"},"inLanguage":"en-US","potentialAction":[{"@type":"ReadAction","target":["https:\/\/sparrks.io\/impressum\/"]}]},{"@type":"BreadcrumbList","@id":"https:\/\/sparrks.io\/impressum\/#breadcrumb","itemListElement":[{"@type":"ListItem","position":1,"name":"Home","item":"https:\/\/sparrks.io\/"},{"@type":"ListItem","position":2,"name":"Imprint"}]},{"@type":"WebSite","@id":"https:\/\/sparrks.io\/#website","url":"https:\/\/sparrks.io\/","name":"Sparrks","description":"Coaching Plattform f\u00fcr Unternehmen","publisher":{"@id":"https:\/\/sparrks.io\/#organization"},"potentialAction":[{"@type":"SearchAction","target":{"@type":"EntryPoint","urlTemplate":"https:\/\/sparrks.io\/?s={search_term_string}"},"query-input":{"@type":"PropertyValueSpecification","valueRequired":true,"valueName":"search_term_string"}}],"inLanguage":"en-US"},{"@type":"Organization","@id":"https:\/\/sparrks.io\/#organization","name":"SPARRKS Service GmbH","url":"https:\/\/sparrks.io\/","logo":{"@type":"ImageObject","inLanguage":"en-US","@id":"https:\/\/sparrks.io\/#\/schema\/logo\/image\/","url":"https:\/\/sparrks.io\/wp-content\/uploads\/2021\/09\/Sparrks_Logo.svg","contentUrl":"https:\/\/sparrks.io\/wp-content\/uploads\/2021\/09\/Sparrks_Logo.svg","width":100,"height":100,"caption":"SPARRKS Service GmbH"},"image":{"@id":"https:\/\/sparrks.io\/#\/schema\/logo\/image\/"},"sameAs":["https:\/\/www.linkedin.com\/company\/sparrks","https:\/\/www.youtube.com\/channel\/UCXmPfD7LDocRfr1nXQq3kKg\/","https:\/\/de.linkedin.com\/company\/sparrks"]}]}},"_links":{"self":[{"href":"https:\/\/sparrks.io\/en\/wp-json\/wp\/v2\/pages\/10861","targetHints":{"allow":["GET"]}}],"collection":[{"href":"https:\/\/sparrks.io\/en\/wp-json\/wp\/v2\/pages"}],"about":[{"href":"https:\/\/sparrks.io\/en\/wp-json\/wp\/v2\/types\/page"}],"author":[{"embeddable":true,"href":"https:\/\/sparrks.io\/en\/wp-json\/wp\/v2\/users\/1"}],"replies":[{"embeddable":true,"href":"https:\/\/sparrks.io\/en\/wp-json\/wp\/v2\/comments?post=10861"}],"version-history":[{"count":9,"href":"https:\/\/sparrks.io\/en\/wp-json\/wp\/v2\/pages\/10861\/revisions"}],"predecessor-version":[{"id":30799,"href":"https:\/\/sparrks.io\/en\/wp-json\/wp\/v2\/pages\/10861\/revisions\/30799"}],"wp:attachment":[{"href":"https:\/\/sparrks.io\/en\/wp-json\/wp\/v2\/media?parent=10861"}],"wp:term":[{"taxonomy":"category","embeddable":true,"href":"https:\/\/sparrks.io\/en\/wp-json\/wp\/v2\/categories?post=10861"},{"taxonomy":"post_tag","embeddable":true,"href":"https:\/\/sparrks.io\/en\/wp-json\/wp\/v2\/tags?post=10861"}],"curies":[{"name":"wp","href":"https:\/\/api.w.org\/{rel}","templated":true}]}}