{"id":11045,"date":"2022-05-05T15:25:27","date_gmt":"2022-05-05T13:25:27","guid":{"rendered":"https:\/\/sparrks.io\/?page_id=11045"},"modified":"2025-06-19T14:58:31","modified_gmt":"2025-06-19T12:58:31","slug":"schedule-advisory-call","status":"publish","type":"page","link":"https:\/\/sparrks.io\/en\/beratungsgespraech-vereinbaren\/","title":{"rendered":"Schedule advisory call"},"content":{"rendered":"<div data-elementor-type=\"wp-page\" data-elementor-id=\"11045\" class=\"elementor elementor-11045\" data-elementor-post-type=\"page\">\n\t\t\t\t<div data-particle_enable=\"false\" data-particle-mobile-disabled=\"false\" class=\"elementor-element elementor-element-b598684 e-flex e-con-boxed e-con e-parent\" data-id=\"b598684\" data-element_type=\"container\" data-e-type=\"container\" data-settings=\"{&quot;background_background&quot;:&quot;gradient&quot;}\">\n\t\t\t\t\t<div class=\"e-con-inner\">\n\t\t<div data-particle_enable=\"false\" data-particle-mobile-disabled=\"false\" class=\"elementor-element elementor-element-dd346d5 e-con-full e-flex e-con e-child\" data-id=\"dd346d5\" data-element_type=\"container\" data-e-type=\"container\">\n\t\t\t\t<\/div>\n\t\t\t\t\t<\/div>\n\t\t\t\t<\/div>\n\t\t<div data-particle_enable=\"false\" data-particle-mobile-disabled=\"false\" class=\"elementor-element elementor-element-cd77db4 e-flex e-con-boxed e-con e-parent\" data-id=\"cd77db4\" data-element_type=\"container\" data-e-type=\"container\" data-settings=\"{&quot;background_background&quot;:&quot;classic&quot;}\">\n\t\t\t\t\t<div class=\"e-con-inner\">\n\t\t<div data-particle_enable=\"false\" data-particle-mobile-disabled=\"false\" class=\"elementor-element elementor-element-f4be8fc e-con-full e-flex e-con e-child\" data-id=\"f4be8fc\" data-element_type=\"container\" data-e-type=\"container\">\n\t\t\t\t<div class=\"elementor-element elementor-element-689794a elementor-widget elementor-widget-heading\" data-id=\"689794a\" data-element_type=\"widget\" data-e-type=\"widget\" data-widget_type=\"heading.default\">\n\t\t\t\t<div class=\"elementor-widget-container\">\n\t\t\t\t\t<h1 class=\"elementor-heading-title elementor-size-default\">Have questions <br> about your<br>Sparrks Coaching?<\/h1>\t\t\t\t<\/div>\n\t\t\t\t<\/div>\n\t\t\t\t<div class=\"elementor-element elementor-element-421093b elementor-hidden-mobile elementor-widget elementor-widget-spacer\" data-id=\"421093b\" data-element_type=\"widget\" data-e-type=\"widget\" data-widget_type=\"spacer.default\">\n\t\t\t\t<div class=\"elementor-widget-container\">\n\t\t\t\t\t\t\t<div class=\"elementor-spacer\">\n\t\t\t<div class=\"elementor-spacer-inner\"><\/div>\n\t\t<\/div>\n\t\t\t\t\t\t<\/div>\n\t\t\t\t<\/div>\n\t\t\t\t<div class=\"elementor-element elementor-element-9fa7096 elementor-widget elementor-widget-text-editor\" data-id=\"9fa7096\" data-element_type=\"widget\" data-e-type=\"widget\" data-widget_type=\"text-editor.default\">\n\t\t\t\t<div class=\"elementor-widget-container\">\n\t\t\t\t\t\t\t\t\t<p><span style=\"font-weight: 400;\">Get immediate answers to your questions and assistance booking your session. Our customer service will be happy to help you out.<\/span><\/p>\t\t\t\t\t\t\t\t<\/div>\n\t\t\t\t<\/div>\n\t\t\t\t<div class=\"elementor-element elementor-element-e512427 elementor-widget elementor-widget-heading\" data-id=\"e512427\" data-element_type=\"widget\" data-e-type=\"widget\" data-widget_type=\"heading.default\">\n\t\t\t\t<div class=\"elementor-widget-container\">\n\t\t\t\t\t<h3 class=\"elementor-heading-title elementor-size-default\">The info call can give the following input, among other things:<\/h3>\t\t\t\t<\/div>\n\t\t\t\t<\/div>\n\t\t\t\t<div class=\"elementor-element elementor-element-c1314d7 elementor-icon-list--layout-traditional elementor-list-item-link-full_width elementor-widget elementor-widget-icon-list\" data-id=\"c1314d7\" data-element_type=\"widget\" data-e-type=\"widget\" data-widget_type=\"icon-list.default\">\n\t\t\t\t<div class=\"elementor-widget-container\">\n\t\t\t\t\t\t\t<ul class=\"elementor-icon-list-items\">\n\t\t\t\t\t\t\t<li class=\"elementor-icon-list-item\">\n\t\t\t\t\t\t\t\t\t\t\t<span class=\"elementor-icon-list-icon\">\n\t\t\t\t\t\t\t<svg aria-hidden=\"true\" class=\"e-font-icon-svg e-fas-check-circle\" viewbox=\"0 0 512 512\" xmlns=\"http:\/\/www.w3.org\/2000\/svg\"><path d=\"M504 256c0 136.967-111.033 248-248 248S8 392.967 8 256 119.033 8 256 8s248 111.033 248 248zM227.314 387.314l184-184c6.248-6.248 6.248-16.379 0-22.627l-22.627-22.627c-6.248-6.249-16.379-6.249-22.628 0L216 308.118l-70.059-70.059c-6.248-6.248-16.379-6.248-22.628 0l-22.627 22.627c-6.248 6.248-6.248 16.379 0 22.627l104 104c6.249 6.249 16.379 6.249 22.628.001z\"><\/path><\/svg>\t\t\t\t\t\t<\/span>\n\t\t\t\t\t\t\t\t\t\t<span class=\"elementor-icon-list-text\">Clarification of general questions about the booking process<\/span>\n\t\t\t\t\t\t\t\t\t<\/li>\n\t\t\t\t\t\t\t\t<li class=\"elementor-icon-list-item\">\n\t\t\t\t\t\t\t\t\t\t\t<span class=\"elementor-icon-list-icon\">\n\t\t\t\t\t\t\t<svg aria-hidden=\"true\" class=\"e-font-icon-svg e-fas-check-circle\" viewbox=\"0 0 512 512\" xmlns=\"http:\/\/www.w3.org\/2000\/svg\"><path d=\"M504 256c0 136.967-111.033 248-248 248S8 392.967 8 256 119.033 8 256 8s248 111.033 248 248zM227.314 387.314l184-184c6.248-6.248 6.248-16.379 0-22.627l-22.627-22.627c-6.248-6.249-16.379-6.249-22.628 0L216 308.118l-70.059-70.059c-6.248-6.248-16.379-6.248-22.628 0l-22.627 22.627c-6.248 6.248-6.248 16.379 0 22.627l104 104c6.249 6.249 16.379 6.249 22.628.001z\"><\/path><\/svg>\t\t\t\t\t\t<\/span>\n\t\t\t\t\t\t\t\t\t\t<span class=\"elementor-icon-list-text\">Showing the available subject areas<\/span>\n\t\t\t\t\t\t\t\t\t<\/li>\n\t\t\t\t\t\t\t\t<li class=\"elementor-icon-list-item\">\n\t\t\t\t\t\t\t\t\t\t\t<span class=\"elementor-icon-list-icon\">\n\t\t\t\t\t\t\t<svg aria-hidden=\"true\" class=\"e-font-icon-svg e-fas-check-circle\" viewbox=\"0 0 512 512\" xmlns=\"http:\/\/www.w3.org\/2000\/svg\"><path d=\"M504 256c0 136.967-111.033 248-248 248S8 392.967 8 256 119.033 8 256 8s248 111.033 248 248zM227.314 387.314l184-184c6.248-6.248 6.248-16.379 0-22.627l-22.627-22.627c-6.248-6.249-16.379-6.249-22.628 0L216 308.118l-70.059-70.059c-6.248-6.248-16.379-6.248-22.628 0l-22.627 22.627c-6.248 6.248-6.248 16.379 0 22.627l104 104c6.249 6.249 16.379 6.249 22.628.001z\"><\/path><\/svg>\t\t\t\t\t\t<\/span>\n\t\t\t\t\t\t\t\t\t\t<span class=\"elementor-icon-list-text\">Joint structuring of your thoughts to formulate a concrete topic<\/span>\n\t\t\t\t\t\t\t\t\t<\/li>\n\t\t\t\t\t\t\t\t<li class=\"elementor-icon-list-item\">\n\t\t\t\t\t\t\t\t\t\t\t<span class=\"elementor-icon-list-icon\">\n\t\t\t\t\t\t\t<svg aria-hidden=\"true\" class=\"e-font-icon-svg e-fas-check-circle\" viewbox=\"0 0 512 512\" xmlns=\"http:\/\/www.w3.org\/2000\/svg\"><path d=\"M504 256c0 136.967-111.033 248-248 248S8 392.967 8 256 119.033 8 256 8s248 111.033 248 248zM227.314 387.314l184-184c6.248-6.248 6.248-16.379 0-22.627l-22.627-22.627c-6.248-6.249-16.379-6.249-22.628 0L216 308.118l-70.059-70.059c-6.248-6.248-16.379-6.248-22.628 0l-22.627 22.627c-6.248 6.248-6.248 16.379 0 22.627l104 104c6.249 6.249 16.379 6.249 22.628.001z\"><\/path><\/svg>\t\t\t\t\t\t<\/span>\n\t\t\t\t\t\t\t\t\t\t<span class=\"elementor-icon-list-text\">Check how your request can be assigned to an existing topic<\/span>\n\t\t\t\t\t\t\t\t\t<\/li>\n\t\t\t\t\t\t<\/ul>\n\t\t\t\t\t\t<\/div>\n\t\t\t\t<\/div>\n\t\t\t\t<div class=\"elementor-element elementor-element-68d2519 elementor-widget elementor-widget-heading\" data-id=\"68d2519\" data-element_type=\"widget\" data-e-type=\"widget\" data-widget_type=\"heading.default\">\n\t\t\t\t<div class=\"elementor-widget-container\">\n\t\t\t\t\t<h2 class=\"elementor-heading-title elementor-size-default\">We are glad to help you!<\/h2>\t\t\t\t<\/div>\n\t\t\t\t<\/div>\n\t\t\t\t<div class=\"elementor-element elementor-element-ed99332 elementor-hidden-mobile elementor-widget elementor-widget-spacer\" data-id=\"ed99332\" data-element_type=\"widget\" data-e-type=\"widget\" data-widget_type=\"spacer.default\">\n\t\t\t\t<div class=\"elementor-widget-container\">\n\t\t\t\t\t\t\t<div class=\"elementor-spacer\">\n\t\t\t<div class=\"elementor-spacer-inner\"><\/div>\n\t\t<\/div>\n\t\t\t\t\t\t<\/div>\n\t\t\t\t<\/div>\n\t\t\t\t<\/div>\n\t\t<div data-particle_enable=\"false\" data-particle-mobile-disabled=\"false\" class=\"elementor-element elementor-element-3647e96 e-con-full e-flex e-con e-child\" data-id=\"3647e96\" data-element_type=\"container\" data-e-type=\"container\">\n\t\t<div data-particle_enable=\"false\" data-particle-mobile-disabled=\"false\" class=\"elementor-element elementor-element-3a34e3c e-con-full e-flex e-con e-child\" data-id=\"3a34e3c\" data-element_type=\"container\" data-e-type=\"container\" data-settings=\"{&quot;background_background&quot;:&quot;classic&quot;}\">\n\t\t\t\t<div class=\"elementor-element elementor-element-cdf7031 elementor-widget elementor-widget-html\" data-id=\"cdf7031\" data-element_type=\"widget\" data-e-type=\"widget\" data-widget_type=\"html.default\">\n\t\t\t\t<div class=\"elementor-widget-container\">\n\t\t\t\t\t<!-- Calendly Inline-Widget Beginn -->\r\n<div class=\"calendly-inline-widget\" data-url=\"https:\/\/calendly.com\/booking-sparrks\/15min\" style=\"min-width:320px;height:700px;\"><\/div>\r\n<script type=\"text\/javascript\" src=\"https:\/\/assets.calendly.com\/assets\/external\/widget.js\" async><\/script>\r\n<!-- Calendly Inline-Widget Ende -->\t\t\t\t<\/div>\n\t\t\t\t<\/div>\n\t\t\t\t<\/div>\n\t\t\t\t<\/div>\n\t\t\t\t\t<\/div>\n\t\t\t\t<\/div>\n\t\t<div data-particle_enable=\"false\" data-particle-mobile-disabled=\"false\" class=\"elementor-element elementor-element-433ce22 e-con-full e-flex e-con e-parent\" data-id=\"433ce22\" data-element_type=\"container\" data-e-type=\"container\">\n\t\t\t\t<div class=\"elementor-element elementor-element-3f53fee elementor-widget elementor-widget-template\" data-id=\"3f53fee\" data-element_type=\"widget\" data-e-type=\"widget\" data-widget_type=\"template.default\">\n\t\t\t\t<div class=\"elementor-widget-container\">\n\t\t\t\t\t\t\t<div class=\"elementor-template\">\n\t\t\t\t\t<div data-elementor-type=\"page\" data-elementor-id=\"7643\" class=\"elementor elementor-7643\" data-elementor-post-type=\"elementor_library\">\n\t\t\t\t<div data-particle_enable=\"false\" data-particle-mobile-disabled=\"false\" class=\"elementor-element elementor-element-b066005 e-flex e-con-boxed e-con e-parent\" data-id=\"b066005\" data-element_type=\"container\" data-e-type=\"container\" id=\"connect\" data-settings=\"{&quot;background_background&quot;:&quot;gradient&quot;}\">\n\t\t\t\t\t<div class=\"e-con-inner\">\n\t\t<div data-particle_enable=\"false\" data-particle-mobile-disabled=\"false\" class=\"elementor-element elementor-element-60187a9 grd-box-left e-con-full e-flex e-con e-child\" data-id=\"60187a9\" data-element_type=\"container\" data-e-type=\"container\">\n\t\t\t\t<div class=\"elementor-element elementor-element-56255b0 elementor-widget elementor-widget-heading\" data-id=\"56255b0\" data-element_type=\"widget\" data-e-type=\"widget\" data-widget_type=\"heading.default\">\n\t\t\t\t<div class=\"elementor-widget-container\">\n\t\t\t\t\t<h2 class=\"elementor-heading-title elementor-size-default\">You have any questions?<\/h2>\t\t\t\t<\/div>\n\t\t\t\t<\/div>\n\t\t\t\t<div class=\"elementor-element elementor-element-e7d1f5a elementor-widget elementor-widget-text-editor\" data-id=\"e7d1f5a\" data-element_type=\"widget\" data-e-type=\"widget\" data-widget_type=\"text-editor.default\">\n\t\t\t\t<div class=\"elementor-widget-container\">\n\t\t\t\t\t\t\t\t\t<p>Talk to one of our coaching experts now<\/p>\t\t\t\t\t\t\t\t<\/div>\n\t\t\t\t<\/div>\n\t\t\t\t<div class=\"elementor-element elementor-element-2899d53 elementor-widget elementor-widget-image\" data-id=\"2899d53\" data-element_type=\"widget\" data-e-type=\"widget\" data-widget_type=\"image.default\">\n\t\t\t\t<div class=\"elementor-widget-container\">\n\t\t\t\t\t\t\t\t\t\t\t\t\t\t\t<img decoding=\"async\" src=\"https:\/\/sparrks.io\/wp-content\/uploads\/elementor\/thumbs\/Sparrks_Coaching_Expert_Small-qq01qjm6czqik5maba7i7cxn8ouupm4irv49l2q2xo.jpg\" title=\"Female Sparrks Coaching Expert\" alt=\"Portrait einer lachenden F\u00fchrungskr\u00e4fte Coaching Expertin\" loading=\"lazy\" \/>\t\t\t\t\t\t\t\t\t\t\t\t\t\t\t<\/div>\n\t\t\t\t<\/div>\n\t\t<div data-particle_enable=\"false\" data-particle-mobile-disabled=\"false\" class=\"elementor-element elementor-element-d4229e3 e-con-full e-flex e-con e-child\" data-id=\"d4229e3\" data-element_type=\"container\" data-e-type=\"container\">\n\t\t\t\t<div class=\"elementor-element elementor-element-c25b8c0 elementor-view-default elementor-widget elementor-widget-icon\" data-id=\"c25b8c0\" data-element_type=\"widget\" data-e-type=\"widget\" data-widget_type=\"icon.default\">\n\t\t\t\t<div class=\"elementor-widget-container\">\n\t\t\t\t\t\t\t<div class=\"elementor-icon-wrapper\">\n\t\t\t<div class=\"elementor-icon\">\n\t\t\t<svg aria-hidden=\"true\" class=\"e-font-icon-svg e-fas-phone-alt\" viewbox=\"0 0 512 512\" xmlns=\"http:\/\/www.w3.org\/2000\/svg\"><path d=\"M497.39 361.8l-112-48a24 24 0 0 0-28 6.9l-49.6 60.6A370.66 370.66 0 0 1 130.6 204.11l60.6-49.6a23.94 23.94 0 0 0 6.9-28l-48-112A24.16 24.16 0 0 0 122.6.61l-104 24A24 24 0 0 0 0 48c0 256.5 207.9 464 464 464a24 24 0 0 0 23.4-18.6l24-104a24.29 24.29 0 0 0-14.01-27.6z\"><\/path><\/svg>\t\t\t<\/div>\n\t\t<\/div>\n\t\t\t\t\t\t<\/div>\n\t\t\t\t<\/div>\n\t\t\t\t<div class=\"elementor-element elementor-element-2034fc0 elementor-widget elementor-widget-text-editor\" data-id=\"2034fc0\" data-element_type=\"widget\" data-e-type=\"widget\" data-widget_type=\"text-editor.default\">\n\t\t\t\t<div class=\"elementor-widget-container\">\n\t\t\t\t\t\t\t\t\t<p>+49 (0)30 52014961<\/p>\t\t\t\t\t\t\t\t<\/div>\n\t\t\t\t<\/div>\n\t\t\t\t<div class=\"elementor-element elementor-element-796f0ea elementor-hidden-mobile elementor-widget elementor-widget-text-editor\" data-id=\"796f0ea\" data-element_type=\"widget\" data-e-type=\"widget\" data-widget_type=\"text-editor.default\">\n\t\t\t\t<div class=\"elementor-widget-container\">\n\t\t\t\t\t\t\t\t\t<p>|<\/p>\t\t\t\t\t\t\t\t<\/div>\n\t\t\t\t<\/div>\n\t\t\t\t<div class=\"elementor-element elementor-element-e0dc29e elementor-view-default elementor-widget elementor-widget-icon\" data-id=\"e0dc29e\" data-element_type=\"widget\" data-e-type=\"widget\" data-widget_type=\"icon.default\">\n\t\t\t\t<div class=\"elementor-widget-container\">\n\t\t\t\t\t\t\t<div class=\"elementor-icon-wrapper\">\n\t\t\t<div class=\"elementor-icon\">\n\t\t\t<svg aria-hidden=\"true\" class=\"e-font-icon-svg e-fas-envelope\" viewbox=\"0 0 512 512\" xmlns=\"http:\/\/www.w3.org\/2000\/svg\"><path d=\"M502.3 190.8c3.9-3.1 9.7-.2 9.7 4.7V400c0 26.5-21.5 48-48 48H48c-26.5 0-48-21.5-48-48V195.6c0-5 5.7-7.8 9.7-4.7 22.4 17.4 52.1 39.5 154.1 113.6 21.1 15.4 56.7 47.8 92.2 47.6 35.7.3 72-32.8 92.3-47.6 102-74.1 131.6-96.3 154-113.7zM256 320c23.2.4 56.6-29.2 73.4-41.4 132.7-96.3 142.8-104.7 173.4-128.7 5.8-4.5 9.2-11.5 9.2-18.9v-19c0-26.5-21.5-48-48-48H48C21.5 64 0 85.5 0 112v19c0 7.4 3.4 14.3 9.2 18.9 30.6 23.9 40.7 32.4 173.4 128.7 16.8 12.2 50.2 41.8 73.4 41.4z\"><\/path><\/svg>\t\t\t<\/div>\n\t\t<\/div>\n\t\t\t\t\t\t<\/div>\n\t\t\t\t<\/div>\n\t\t\t\t<div class=\"elementor-element elementor-element-6e0d786 elementor-widget elementor-widget-text-editor\" data-id=\"6e0d786\" data-element_type=\"widget\" data-e-type=\"widget\" data-widget_type=\"text-editor.default\">\n\t\t\t\t<div class=\"elementor-widget-container\">\n\t\t\t\t\t\t\t\t\t<p>support@sparrks.de<\/p>\t\t\t\t\t\t\t\t<\/div>\n\t\t\t\t<\/div>\n\t\t\t\t<\/div>\n\t\t\t\t<\/div>\n\t\t\t\t\t<\/div>\n\t\t\t\t<\/div>\n\t\t\t\t<\/div>\n\t\t\t\t<\/div>\n\t\t\t\t\t\t<\/div>\n\t\t\t\t<\/div>\n\t\t\t\t<\/div>\n\t\t\t\t<\/div>","protected":false},"excerpt":{"rendered":"<p>Du hast Fragen zu Deinem Sparrks Coaching? Hol Dir umgehend Antworten auf Deine Fragen und Unterst\u00fctzung beim Buchen deiner Session. Unsere Coaching Expert:innen helfen Dir gerne weiter. Das Gespr\u00e4ch kann u.a. folgenden Input geben: Kl\u00e4rung allgemeiner Fragen zum Buchungsprozess Aufzeigen der verf\u00fcgbaren Themengebiete Gemeinsame Strukturierung Deiner Gedanken zur Formulierung eines konkreten Themas \u00dcberpr\u00fcfung, wie Dein [&hellip;]<\/p>\n","protected":false},"author":1,"featured_media":4697,"parent":0,"menu_order":0,"comment_status":"closed","ping_status":"closed","template":"","meta":{"_acf_changed":false,"content-type":"","footnotes":""},"categories":[],"tags":[],"class_list":["post-11045","page","type-page","status-publish","has-post-thumbnail","hentry"],"acf":[],"yoast_head":"<!-- This site is optimized with the Yoast SEO plugin v27.2 - https:\/\/yoast.com\/product\/yoast-seo-wordpress\/ -->\n<title>Beratungsgespr\u00e4ch vereinbaren - Sparrks<\/title>\n<meta name=\"description\" content=\"Hol Dir umgehend Antworten auf Deine Fragen und Unterst\u00fctzung beim Buchen Deines Coaching. Unsere Coachingexperti:nnen helfen Dir gerne weiter\" \/>\n<meta name=\"robots\" content=\"index, follow, max-snippet:-1, max-image-preview:large, max-video-preview:-1\" \/>\n<link rel=\"canonical\" href=\"https:\/\/sparrks.io\/en\/schedule-advisory-call\/\" \/>\n<meta property=\"og:locale\" content=\"en_US\" \/>\n<meta property=\"og:type\" content=\"article\" \/>\n<meta property=\"og:title\" content=\"Beratungsgespr\u00e4ch vereinbaren - Sparrks\" \/>\n<meta property=\"og:description\" content=\"Hol Dir umgehend Antworten auf Deine Fragen und Unterst\u00fctzung beim Buchen Deines Coaching. Unsere Coachingexperti:nnen helfen Dir gerne weiter\" \/>\n<meta property=\"og:url\" content=\"https:\/\/sparrks.io\/en\/schedule-advisory-call\/\" \/>\n<meta property=\"og:site_name\" content=\"Sparrks\" \/>\n<meta property=\"article:modified_time\" content=\"2025-06-19T12:58:31+00:00\" \/>\n<meta property=\"og:image\" content=\"https:\/\/sparrks.io\/wp-content\/uploads\/2022\/01\/Kaffeetasee-am-Arbeitsplatz.jpg\" \/>\n\t<meta property=\"og:image:width\" content=\"640\" \/>\n\t<meta property=\"og:image:height\" content=\"426\" \/>\n\t<meta property=\"og:image:type\" content=\"image\/jpeg\" \/>\n<meta name=\"twitter:card\" content=\"summary_large_image\" \/>\n<meta name=\"twitter:label1\" content=\"Est. reading time\" \/>\n\t<meta name=\"twitter:data1\" content=\"1 minute\" \/>\n<script type=\"application\/ld+json\" class=\"yoast-schema-graph\">{\"@context\":\"https:\/\/schema.org\",\"@graph\":[{\"@type\":\"WebPage\",\"@id\":\"https:\/\/sparrks.io\/beratungsgespraech-vereinbaren\/\",\"url\":\"https:\/\/sparrks.io\/beratungsgespraech-vereinbaren\/\",\"name\":\"Beratungsgespr\u00e4ch vereinbaren - Sparrks\",\"isPartOf\":{\"@id\":\"https:\/\/sparrks.io\/#website\"},\"primaryImageOfPage\":{\"@id\":\"https:\/\/sparrks.io\/beratungsgespraech-vereinbaren\/#primaryimage\"},\"image\":{\"@id\":\"https:\/\/sparrks.io\/beratungsgespraech-vereinbaren\/#primaryimage\"},\"thumbnailUrl\":\"https:\/\/sparrks.io\/wp-content\/uploads\/2022\/01\/Kaffeetasee-am-Arbeitsplatz.jpg\",\"datePublished\":\"2022-05-05T13:25:27+00:00\",\"dateModified\":\"2025-06-19T12:58:31+00:00\",\"description\":\"Hol Dir umgehend Antworten auf Deine Fragen und Unterst\u00fctzung beim Buchen Deines Coaching. Unsere Coachingexperti:nnen helfen Dir gerne weiter\",\"breadcrumb\":{\"@id\":\"https:\/\/sparrks.io\/beratungsgespraech-vereinbaren\/#breadcrumb\"},\"inLanguage\":\"en-US\",\"potentialAction\":[{\"@type\":\"ReadAction\",\"target\":[\"https:\/\/sparrks.io\/beratungsgespraech-vereinbaren\/\"]}]},{\"@type\":\"ImageObject\",\"inLanguage\":\"en-US\",\"@id\":\"https:\/\/sparrks.io\/beratungsgespraech-vereinbaren\/#primaryimage\",\"url\":\"https:\/\/sparrks.io\/wp-content\/uploads\/2022\/01\/Kaffeetasee-am-Arbeitsplatz.jpg\",\"contentUrl\":\"https:\/\/sparrks.io\/wp-content\/uploads\/2022\/01\/Kaffeetasee-am-Arbeitsplatz.jpg\",\"width\":640,\"height\":426},{\"@type\":\"BreadcrumbList\",\"@id\":\"https:\/\/sparrks.io\/beratungsgespraech-vereinbaren\/#breadcrumb\",\"itemListElement\":[{\"@type\":\"ListItem\",\"position\":1,\"name\":\"Home\",\"item\":\"https:\/\/sparrks.io\/\"},{\"@type\":\"ListItem\",\"position\":2,\"name\":\"Beratungsgespr\u00e4ch vereinbaren\"}]},{\"@type\":\"WebSite\",\"@id\":\"https:\/\/sparrks.io\/#website\",\"url\":\"https:\/\/sparrks.io\/\",\"name\":\"Sparrks\",\"description\":\"Coaching Plattform f\u00fcr Unternehmen\",\"publisher\":{\"@id\":\"https:\/\/sparrks.io\/#organization\"},\"potentialAction\":[{\"@type\":\"SearchAction\",\"target\":{\"@type\":\"EntryPoint\",\"urlTemplate\":\"https:\/\/sparrks.io\/?s={search_term_string}\"},\"query-input\":{\"@type\":\"PropertyValueSpecification\",\"valueRequired\":true,\"valueName\":\"search_term_string\"}}],\"inLanguage\":\"en-US\"},{\"@type\":\"Organization\",\"@id\":\"https:\/\/sparrks.io\/#organization\",\"name\":\"SPARRKS Service GmbH\",\"url\":\"https:\/\/sparrks.io\/\",\"logo\":{\"@type\":\"ImageObject\",\"inLanguage\":\"en-US\",\"@id\":\"https:\/\/sparrks.io\/#\/schema\/logo\/image\/\",\"url\":\"https:\/\/sparrks.io\/wp-content\/uploads\/2021\/09\/Sparrks_Logo.svg\",\"contentUrl\":\"https:\/\/sparrks.io\/wp-content\/uploads\/2021\/09\/Sparrks_Logo.svg\",\"width\":100,\"height\":100,\"caption\":\"SPARRKS Service GmbH\"},\"image\":{\"@id\":\"https:\/\/sparrks.io\/#\/schema\/logo\/image\/\"},\"sameAs\":[\"https:\/\/www.linkedin.com\/company\/sparrks\",\"https:\/\/www.youtube.com\/channel\/UCXmPfD7LDocRfr1nXQq3kKg\/\",\"https:\/\/de.linkedin.com\/company\/sparrks\"]}]}<\/script>\n<!-- \/ Yoast SEO plugin. -->","yoast_head_json":{"title":"Schedule advisory call","description":"Hol Dir umgehend Antworten auf Deine Fragen und Unterst\u00fctzung beim Buchen Deines Coaching. Unsere Coachingexperti:nnen helfen Dir gerne weiter","robots":{"index":"index","follow":"follow","max-snippet":"max-snippet:-1","max-image-preview":"max-image-preview:large","max-video-preview":"max-video-preview:-1"},"canonical":"https:\/\/sparrks.io\/en\/schedule-advisory-call\/","og_locale":"en_US","og_type":"article","og_title":"Beratungsgespr\u00e4ch vereinbaren - Sparrks","og_description":"Hol Dir umgehend Antworten auf Deine Fragen und Unterst\u00fctzung beim Buchen Deines Coaching. Unsere Coachingexperti:nnen helfen Dir gerne weiter","og_url":"https:\/\/sparrks.io\/en\/schedule-advisory-call\/","og_site_name":"Sparrks","article_modified_time":"2025-06-19T12:58:31+00:00","og_image":[{"width":640,"height":426,"url":"https:\/\/sparrks.io\/wp-content\/uploads\/2022\/01\/Kaffeetasee-am-Arbeitsplatz.jpg","type":"image\/jpeg"}],"twitter_card":"summary_large_image","twitter_misc":{"Est. reading time":"1 minute"},"schema":{"@context":"https:\/\/schema.org","@graph":[{"@type":"WebPage","@id":"https:\/\/sparrks.io\/beratungsgespraech-vereinbaren\/","url":"https:\/\/sparrks.io\/beratungsgespraech-vereinbaren\/","name":"Schedule advisory call","isPartOf":{"@id":"https:\/\/sparrks.io\/#website"},"primaryImageOfPage":{"@id":"https:\/\/sparrks.io\/beratungsgespraech-vereinbaren\/#primaryimage"},"image":{"@id":"https:\/\/sparrks.io\/beratungsgespraech-vereinbaren\/#primaryimage"},"thumbnailUrl":"https:\/\/sparrks.io\/wp-content\/uploads\/2022\/01\/Kaffeetasee-am-Arbeitsplatz.jpg","datePublished":"2022-05-05T13:25:27+00:00","dateModified":"2025-06-19T12:58:31+00:00","description":"Hol Dir umgehend Antworten auf Deine Fragen und Unterst\u00fctzung beim Buchen Deines Coaching. Unsere Coachingexperti:nnen helfen Dir gerne weiter","breadcrumb":{"@id":"https:\/\/sparrks.io\/beratungsgespraech-vereinbaren\/#breadcrumb"},"inLanguage":"en-US","potentialAction":[{"@type":"ReadAction","target":["https:\/\/sparrks.io\/beratungsgespraech-vereinbaren\/"]}]},{"@type":"ImageObject","inLanguage":"en-US","@id":"https:\/\/sparrks.io\/beratungsgespraech-vereinbaren\/#primaryimage","url":"https:\/\/sparrks.io\/wp-content\/uploads\/2022\/01\/Kaffeetasee-am-Arbeitsplatz.jpg","contentUrl":"https:\/\/sparrks.io\/wp-content\/uploads\/2022\/01\/Kaffeetasee-am-Arbeitsplatz.jpg","width":640,"height":426},{"@type":"BreadcrumbList","@id":"https:\/\/sparrks.io\/beratungsgespraech-vereinbaren\/#breadcrumb","itemListElement":[{"@type":"ListItem","position":1,"name":"Home","item":"https:\/\/sparrks.io\/"},{"@type":"ListItem","position":2,"name":"Beratungsgespr\u00e4ch vereinbaren"}]},{"@type":"WebSite","@id":"https:\/\/sparrks.io\/#website","url":"https:\/\/sparrks.io\/","name":"Sparrks","description":"Coaching Plattform f\u00fcr Unternehmen","publisher":{"@id":"https:\/\/sparrks.io\/#organization"},"potentialAction":[{"@type":"SearchAction","target":{"@type":"EntryPoint","urlTemplate":"https:\/\/sparrks.io\/?s={search_term_string}"},"query-input":{"@type":"PropertyValueSpecification","valueRequired":true,"valueName":"search_term_string"}}],"inLanguage":"en-US"},{"@type":"Organization","@id":"https:\/\/sparrks.io\/#organization","name":"SPARRKS Service GmbH","url":"https:\/\/sparrks.io\/","logo":{"@type":"ImageObject","inLanguage":"en-US","@id":"https:\/\/sparrks.io\/#\/schema\/logo\/image\/","url":"https:\/\/sparrks.io\/wp-content\/uploads\/2021\/09\/Sparrks_Logo.svg","contentUrl":"https:\/\/sparrks.io\/wp-content\/uploads\/2021\/09\/Sparrks_Logo.svg","width":100,"height":100,"caption":"SPARRKS Service GmbH"},"image":{"@id":"https:\/\/sparrks.io\/#\/schema\/logo\/image\/"},"sameAs":["https:\/\/www.linkedin.com\/company\/sparrks","https:\/\/www.youtube.com\/channel\/UCXmPfD7LDocRfr1nXQq3kKg\/","https:\/\/de.linkedin.com\/company\/sparrks"]}]}},"_links":{"self":[{"href":"https:\/\/sparrks.io\/en\/wp-json\/wp\/v2\/pages\/11045","targetHints":{"allow":["GET"]}}],"collection":[{"href":"https:\/\/sparrks.io\/en\/wp-json\/wp\/v2\/pages"}],"about":[{"href":"https:\/\/sparrks.io\/en\/wp-json\/wp\/v2\/types\/page"}],"author":[{"embeddable":true,"href":"https:\/\/sparrks.io\/en\/wp-json\/wp\/v2\/users\/1"}],"replies":[{"embeddable":true,"href":"https:\/\/sparrks.io\/en\/wp-json\/wp\/v2\/comments?post=11045"}],"version-history":[{"count":3,"href":"https:\/\/sparrks.io\/en\/wp-json\/wp\/v2\/pages\/11045\/revisions"}],"predecessor-version":[{"id":31289,"href":"https:\/\/sparrks.io\/en\/wp-json\/wp\/v2\/pages\/11045\/revisions\/31289"}],"wp:featuredmedia":[{"embeddable":true,"href":"https:\/\/sparrks.io\/en\/wp-json\/wp\/v2\/media\/4697"}],"wp:attachment":[{"href":"https:\/\/sparrks.io\/en\/wp-json\/wp\/v2\/media?parent=11045"}],"wp:term":[{"taxonomy":"category","embeddable":true,"href":"https:\/\/sparrks.io\/en\/wp-json\/wp\/v2\/categories?post=11045"},{"taxonomy":"post_tag","embeddable":true,"href":"https:\/\/sparrks.io\/en\/wp-json\/wp\/v2\/tags?post=11045"}],"curies":[{"name":"wp","href":"https:\/\/api.w.org\/{rel}","templated":true}]}}