{"id":13165,"date":"2022-06-08T12:56:03","date_gmt":"2022-06-08T10:56:03","guid":{"rendered":"https:\/\/sparrks.io\/?page_id=13165"},"modified":"2025-02-28T08:54:54","modified_gmt":"2025-02-28T07:54:54","slug":"contact-2","status":"publish","type":"page","link":"https:\/\/sparrks.io\/en\/kontakt\/","title":{"rendered":"Contact"},"content":{"rendered":"<div data-elementor-type=\"wp-page\" data-elementor-id=\"13165\" class=\"elementor elementor-13165\" data-elementor-post-type=\"page\">\n\t\t\t\t<div data-particle_enable=\"false\" data-particle-mobile-disabled=\"false\" class=\"elementor-element elementor-element-69d068b e-flex e-con-boxed e-con e-parent\" data-id=\"69d068b\" data-element_type=\"container\" data-e-type=\"container\" data-settings=\"{&quot;background_background&quot;:&quot;classic&quot;}\">\n\t\t\t\t\t<div class=\"e-con-inner\">\n\t\t<div data-particle_enable=\"false\" data-particle-mobile-disabled=\"false\" class=\"elementor-element elementor-element-1195e4d e-con-full e-flex e-con e-child\" data-id=\"1195e4d\" data-element_type=\"container\" data-e-type=\"container\">\n\t\t\t\t<div class=\"elementor-element elementor-element-32c96c9 elementor-widget elementor-widget-heading\" data-id=\"32c96c9\" data-element_type=\"widget\" data-e-type=\"widget\" data-widget_type=\"heading.default\">\n\t\t\t\t<div class=\"elementor-widget-container\">\n\t\t\t\t\t<h1 class=\"elementor-heading-title elementor-size-default\">Contact<\/h1>\t\t\t\t<\/div>\n\t\t\t\t<\/div>\n\t\t\t\t<div class=\"elementor-element elementor-element-17db886 elementor-widget elementor-widget-text-editor\" data-id=\"17db886\" data-element_type=\"widget\" data-e-type=\"widget\" data-widget_type=\"text-editor.default\">\n\t\t\t\t<div class=\"elementor-widget-container\">\n\t\t\t\t\t\t\t\t\tDo you have any questions about our coaching format or would you like to find out more about our services? Our team will be happy to help you.\t\t\t\t\t\t\t\t<\/div>\n\t\t\t\t<\/div>\n\t\t\t\t<\/div>\n\t\t<div data-particle_enable=\"false\" data-particle-mobile-disabled=\"false\" class=\"elementor-element elementor-element-94f05eb e-con-full e-flex e-con e-child\" data-id=\"94f05eb\" data-element_type=\"container\" data-e-type=\"container\">\n\t\t\t\t<div class=\"elementor-element elementor-element-d116ca5 elementor-widget elementor-widget-image\" data-id=\"d116ca5\" data-element_type=\"widget\" data-e-type=\"widget\" data-widget_type=\"image.default\">\n\t\t\t\t<div class=\"elementor-widget-container\">\n\t\t\t\t\t\t\t\t\t\t\t\t\t\t\t<img fetchpriority=\"high\" decoding=\"async\" width=\"800\" height=\"620\" src=\"https:\/\/sparrks.io\/wp-content\/uploads\/2024\/11\/Sparrks-User_small.webp\" class=\"attachment-large size-large wp-image-28614\" alt=\"\" srcset=\"https:\/\/sparrks.io\/wp-content\/uploads\/2024\/11\/Sparrks-User_small.webp 900w, https:\/\/sparrks.io\/wp-content\/uploads\/2024\/11\/Sparrks-User_small-300x232.webp 300w, https:\/\/sparrks.io\/wp-content\/uploads\/2024\/11\/Sparrks-User_small-768x595.webp 768w, https:\/\/sparrks.io\/wp-content\/uploads\/2024\/11\/Sparrks-User_small-15x12.webp 15w\" sizes=\"(max-width: 800px) 100vw, 800px\" \/>\t\t\t\t\t\t\t\t\t\t\t\t\t\t\t<\/div>\n\t\t\t\t<\/div>\n\t\t\t\t<\/div>\n\t\t\t\t\t<\/div>\n\t\t\t\t<\/div>\n\t\t<div data-particle_enable=\"false\" data-particle-mobile-disabled=\"false\" class=\"elementor-element elementor-element-df82f11 e-flex e-con-boxed e-con e-parent\" data-id=\"df82f11\" data-element_type=\"container\" data-e-type=\"container\">\n\t\t\t\t\t<div class=\"e-con-inner\">\n\t\t<div data-particle_enable=\"false\" data-particle-mobile-disabled=\"false\" class=\"elementor-element elementor-element-bf9f2e7 e-con-full e-flex e-con e-child\" data-id=\"bf9f2e7\" data-element_type=\"container\" data-e-type=\"container\">\n\t\t\t\t<div class=\"elementor-element elementor-element-33e6ffe elementor-widget elementor-widget-text-editor\" data-id=\"33e6ffe\" data-element_type=\"widget\" data-e-type=\"widget\" data-widget_type=\"text-editor.default\">\n\t\t\t\t<div class=\"elementor-widget-container\">\n\t\t\t\t\t\t\t\t\t<p><b>SPARRKS Service GmbH <\/b><br \/>Sch\u00f6nhauser Allee 167c <br \/>10435 Berlin, Germany\u00a0<\/p>\t\t\t\t\t\t\t\t<\/div>\n\t\t\t\t<\/div>\n\t\t<div data-particle_enable=\"false\" data-particle-mobile-disabled=\"false\" class=\"elementor-element elementor-element-ff0d934 e-con-full e-flex e-con e-child\" data-id=\"ff0d934\" data-element_type=\"container\" data-e-type=\"container\">\n\t\t\t\t<div class=\"elementor-element elementor-element-3ce48ba elementor-icon-list--layout-traditional elementor-list-item-link-full_width elementor-widget elementor-widget-icon-list\" data-id=\"3ce48ba\" data-element_type=\"widget\" data-e-type=\"widget\" data-widget_type=\"icon-list.default\">\n\t\t\t\t<div class=\"elementor-widget-container\">\n\t\t\t\t\t\t\t<ul class=\"elementor-icon-list-items\">\n\t\t\t\t\t\t\t<li class=\"elementor-icon-list-item\">\n\t\t\t\t\t\t\t\t\t\t\t<span class=\"elementor-icon-list-icon\">\n\t\t\t\t\t\t\t<svg aria-hidden=\"true\" class=\"e-font-icon-svg e-fas-phone-alt\" viewbox=\"0 0 512 512\" xmlns=\"http:\/\/www.w3.org\/2000\/svg\"><path d=\"M497.39 361.8l-112-48a24 24 0 0 0-28 6.9l-49.6 60.6A370.66 370.66 0 0 1 130.6 204.11l60.6-49.6a23.94 23.94 0 0 0 6.9-28l-48-112A24.16 24.16 0 0 0 122.6.61l-104 24A24 24 0 0 0 0 48c0 256.5 207.9 464 464 464a24 24 0 0 0 23.4-18.6l24-104a24.29 24.29 0 0 0-14.01-27.6z\"><\/path><\/svg>\t\t\t\t\t\t<\/span>\n\t\t\t\t\t\t\t\t\t\t<span class=\"elementor-icon-list-text\">+49 (0)030 52014961<\/span>\n\t\t\t\t\t\t\t\t\t<\/li>\n\t\t\t\t\t\t\t\t<li class=\"elementor-icon-list-item\">\n\t\t\t\t\t\t\t\t\t\t\t<span class=\"elementor-icon-list-icon\">\n\t\t\t\t\t\t\t<svg aria-hidden=\"true\" class=\"e-font-icon-svg e-far-envelope\" viewbox=\"0 0 512 512\" xmlns=\"http:\/\/www.w3.org\/2000\/svg\"><path d=\"M464 64H48C21.49 64 0 85.49 0 112v288c0 26.51 21.49 48 48 48h416c26.51 0 48-21.49 48-48V112c0-26.51-21.49-48-48-48zm0 48v40.805c-22.422 18.259-58.168 46.651-134.587 106.49-16.841 13.247-50.201 45.072-73.413 44.701-23.208.375-56.579-31.459-73.413-44.701C106.18 199.465 70.425 171.067 48 152.805V112h416zM48 400V214.398c22.914 18.251 55.409 43.862 104.938 82.646 21.857 17.205 60.134 55.186 103.062 54.955 42.717.231 80.509-37.199 103.053-54.947 49.528-38.783 82.032-64.401 104.947-82.653V400H48z\"><\/path><\/svg>\t\t\t\t\t\t<\/span>\n\t\t\t\t\t\t\t\t\t\t<span class=\"elementor-icon-list-text\">info@sparrks.de<\/span>\n\t\t\t\t\t\t\t\t\t<\/li>\n\t\t\t\t\t\t<\/ul>\n\t\t\t\t\t\t<\/div>\n\t\t\t\t<\/div>\n\t\t\t\t<\/div>\n\t\t\t\t<\/div>\n\t\t\t\t\t<\/div>\n\t\t\t\t<\/div>\n\t\t\t\t<\/div>","protected":false},"excerpt":{"rendered":"<p>Kontakt\u200b Haben Sie Fragen zu unserem Coaching Format oder m\u00f6chten Sie mehr \u00fcber unsere Angebote erfahren? Unser Team steht Ihnen gerne zur Verf\u00fcgung. SPARRKS Service GmbH Sch\u00f6nhauser Allee 167c 10435 Berlin\u00a0 +49 (0)030 52014961 info@sparrks.de<\/p>","protected":false},"author":1,"featured_media":0,"parent":0,"menu_order":0,"comment_status":"closed","ping_status":"closed","template":"","meta":{"_acf_changed":false,"content-type":"","footnotes":""},"categories":[],"tags":[],"class_list":["post-13165","page","type-page","status-publish","hentry"],"acf":[],"yoast_head":"<!-- This site is optimized with the Yoast SEO plugin v27.2 - https:\/\/yoast.com\/product\/yoast-seo-wordpress\/ -->\n<title>Kontakt - Sparrks<\/title>\n<meta name=\"description\" content=\"Kontakt f\u00fcr Sparrks Service GmbH \u2013 Business Coaching &amp; Personal Development Unternehmen, Sch\u00f6nhauser Allee 167c, 10435 Berlin, Deutschland\" \/>\n<meta name=\"robots\" content=\"index, follow, max-snippet:-1, max-image-preview:large, max-video-preview:-1\" \/>\n<link rel=\"canonical\" href=\"https:\/\/sparrks.io\/en\/contact-2\/\" \/>\n<meta property=\"og:locale\" content=\"en_US\" \/>\n<meta property=\"og:type\" content=\"article\" \/>\n<meta property=\"og:title\" content=\"Kontakt - Sparrks\" \/>\n<meta property=\"og:description\" content=\"Kontakt f\u00fcr Sparrks Service GmbH \u2013 Business Coaching &amp; Personal Development Unternehmen, Sch\u00f6nhauser Allee 167c, 10435 Berlin, Deutschland\" \/>\n<meta property=\"og:url\" content=\"https:\/\/sparrks.io\/en\/contact-2\/\" \/>\n<meta property=\"og:site_name\" content=\"Sparrks\" \/>\n<meta property=\"article:modified_time\" content=\"2025-02-28T07:54:54+00:00\" \/>\n<meta property=\"og:image\" content=\"https:\/\/sparrks.io\/wp-content\/uploads\/2024\/11\/Sparrks-User_small.webp\" \/>\n\t<meta property=\"og:image:width\" content=\"900\" \/>\n\t<meta property=\"og:image:height\" content=\"697\" \/>\n\t<meta property=\"og:image:type\" content=\"image\/webp\" \/>\n<meta name=\"twitter:card\" content=\"summary_large_image\" \/>\n<meta name=\"twitter:label1\" content=\"Est. reading time\" \/>\n\t<meta name=\"twitter:data1\" content=\"1 minute\" \/>\n<script type=\"application\/ld+json\" class=\"yoast-schema-graph\">{\"@context\":\"https:\/\/schema.org\",\"@graph\":[{\"@type\":\"WebPage\",\"@id\":\"https:\/\/sparrks.io\/kontakt\/\",\"url\":\"https:\/\/sparrks.io\/kontakt\/\",\"name\":\"Kontakt - Sparrks\",\"isPartOf\":{\"@id\":\"https:\/\/sparrks.io\/#website\"},\"primaryImageOfPage\":{\"@id\":\"https:\/\/sparrks.io\/kontakt\/#primaryimage\"},\"image\":{\"@id\":\"https:\/\/sparrks.io\/kontakt\/#primaryimage\"},\"thumbnailUrl\":\"https:\/\/sparrks.io\/wp-content\/uploads\/2024\/11\/Sparrks-User_small.webp\",\"datePublished\":\"2022-06-08T10:56:03+00:00\",\"dateModified\":\"2025-02-28T07:54:54+00:00\",\"description\":\"Kontakt f\u00fcr Sparrks Service GmbH \u2013 Business Coaching & Personal Development Unternehmen, Sch\u00f6nhauser Allee 167c, 10435 Berlin, Deutschland\",\"breadcrumb\":{\"@id\":\"https:\/\/sparrks.io\/kontakt\/#breadcrumb\"},\"inLanguage\":\"en-US\",\"potentialAction\":[{\"@type\":\"ReadAction\",\"target\":[\"https:\/\/sparrks.io\/kontakt\/\"]}]},{\"@type\":\"ImageObject\",\"inLanguage\":\"en-US\",\"@id\":\"https:\/\/sparrks.io\/kontakt\/#primaryimage\",\"url\":\"https:\/\/sparrks.io\/wp-content\/uploads\/2024\/11\/Sparrks-User_small.webp\",\"contentUrl\":\"https:\/\/sparrks.io\/wp-content\/uploads\/2024\/11\/Sparrks-User_small.webp\"},{\"@type\":\"BreadcrumbList\",\"@id\":\"https:\/\/sparrks.io\/kontakt\/#breadcrumb\",\"itemListElement\":[{\"@type\":\"ListItem\",\"position\":1,\"name\":\"Home\",\"item\":\"https:\/\/sparrks.io\/\"},{\"@type\":\"ListItem\",\"position\":2,\"name\":\"Contact\"}]},{\"@type\":\"WebSite\",\"@id\":\"https:\/\/sparrks.io\/#website\",\"url\":\"https:\/\/sparrks.io\/\",\"name\":\"Sparrks\",\"description\":\"Coaching Plattform f\u00fcr Unternehmen\",\"publisher\":{\"@id\":\"https:\/\/sparrks.io\/#organization\"},\"potentialAction\":[{\"@type\":\"SearchAction\",\"target\":{\"@type\":\"EntryPoint\",\"urlTemplate\":\"https:\/\/sparrks.io\/?s={search_term_string}\"},\"query-input\":{\"@type\":\"PropertyValueSpecification\",\"valueRequired\":true,\"valueName\":\"search_term_string\"}}],\"inLanguage\":\"en-US\"},{\"@type\":\"Organization\",\"@id\":\"https:\/\/sparrks.io\/#organization\",\"name\":\"SPARRKS Service GmbH\",\"url\":\"https:\/\/sparrks.io\/\",\"logo\":{\"@type\":\"ImageObject\",\"inLanguage\":\"en-US\",\"@id\":\"https:\/\/sparrks.io\/#\/schema\/logo\/image\/\",\"url\":\"https:\/\/sparrks.io\/wp-content\/uploads\/2021\/09\/Sparrks_Logo.svg\",\"contentUrl\":\"https:\/\/sparrks.io\/wp-content\/uploads\/2021\/09\/Sparrks_Logo.svg\",\"width\":100,\"height\":100,\"caption\":\"SPARRKS Service GmbH\"},\"image\":{\"@id\":\"https:\/\/sparrks.io\/#\/schema\/logo\/image\/\"},\"sameAs\":[\"https:\/\/www.linkedin.com\/company\/sparrks\",\"https:\/\/www.youtube.com\/channel\/UCXmPfD7LDocRfr1nXQq3kKg\/\",\"https:\/\/de.linkedin.com\/company\/sparrks\"]}]}<\/script>\n<!-- \/ Yoast SEO plugin. -->","yoast_head_json":{"title":"Contact - Sparrks","description":"Contact for Sparrks Service GmbH - Business Coaching &amp; Personal Development Company, Sch\u00f6nhauser Allee 167c, 10435 Berlin, Germany","robots":{"index":"index","follow":"follow","max-snippet":"max-snippet:-1","max-image-preview":"max-image-preview:large","max-video-preview":"max-video-preview:-1"},"canonical":"https:\/\/sparrks.io\/en\/contact-2\/","og_locale":"en_US","og_type":"article","og_title":"Kontakt - Sparrks","og_description":"Kontakt f\u00fcr Sparrks Service GmbH \u2013 Business Coaching & Personal Development Unternehmen, Sch\u00f6nhauser Allee 167c, 10435 Berlin, Deutschland","og_url":"https:\/\/sparrks.io\/en\/contact-2\/","og_site_name":"Sparrks","article_modified_time":"2025-02-28T07:54:54+00:00","og_image":[{"width":900,"height":697,"url":"https:\/\/sparrks.io\/wp-content\/uploads\/2024\/11\/Sparrks-User_small.webp","type":"image\/webp"}],"twitter_card":"summary_large_image","twitter_misc":{"Est. reading time":"1 minute"},"schema":{"@context":"https:\/\/schema.org","@graph":[{"@type":"WebPage","@id":"https:\/\/sparrks.io\/kontakt\/","url":"https:\/\/sparrks.io\/kontakt\/","name":"Contact - Sparrks","isPartOf":{"@id":"https:\/\/sparrks.io\/#website"},"primaryImageOfPage":{"@id":"https:\/\/sparrks.io\/kontakt\/#primaryimage"},"image":{"@id":"https:\/\/sparrks.io\/kontakt\/#primaryimage"},"thumbnailUrl":"https:\/\/sparrks.io\/wp-content\/uploads\/2024\/11\/Sparrks-User_small.webp","datePublished":"2022-06-08T10:56:03+00:00","dateModified":"2025-02-28T07:54:54+00:00","description":"Contact for Sparrks Service GmbH - Business Coaching &amp; Personal Development Company, Sch\u00f6nhauser Allee 167c, 10435 Berlin, Germany","breadcrumb":{"@id":"https:\/\/sparrks.io\/kontakt\/#breadcrumb"},"inLanguage":"en-US","potentialAction":[{"@type":"ReadAction","target":["https:\/\/sparrks.io\/kontakt\/"]}]},{"@type":"ImageObject","inLanguage":"en-US","@id":"https:\/\/sparrks.io\/kontakt\/#primaryimage","url":"https:\/\/sparrks.io\/wp-content\/uploads\/2024\/11\/Sparrks-User_small.webp","contentUrl":"https:\/\/sparrks.io\/wp-content\/uploads\/2024\/11\/Sparrks-User_small.webp"},{"@type":"BreadcrumbList","@id":"https:\/\/sparrks.io\/kontakt\/#breadcrumb","itemListElement":[{"@type":"ListItem","position":1,"name":"Home","item":"https:\/\/sparrks.io\/"},{"@type":"ListItem","position":2,"name":"Contact"}]},{"@type":"WebSite","@id":"https:\/\/sparrks.io\/#website","url":"https:\/\/sparrks.io\/","name":"Sparrks","description":"Coaching Plattform f\u00fcr Unternehmen","publisher":{"@id":"https:\/\/sparrks.io\/#organization"},"potentialAction":[{"@type":"SearchAction","target":{"@type":"EntryPoint","urlTemplate":"https:\/\/sparrks.io\/?s={search_term_string}"},"query-input":{"@type":"PropertyValueSpecification","valueRequired":true,"valueName":"search_term_string"}}],"inLanguage":"en-US"},{"@type":"Organization","@id":"https:\/\/sparrks.io\/#organization","name":"SPARRKS Service GmbH","url":"https:\/\/sparrks.io\/","logo":{"@type":"ImageObject","inLanguage":"en-US","@id":"https:\/\/sparrks.io\/#\/schema\/logo\/image\/","url":"https:\/\/sparrks.io\/wp-content\/uploads\/2021\/09\/Sparrks_Logo.svg","contentUrl":"https:\/\/sparrks.io\/wp-content\/uploads\/2021\/09\/Sparrks_Logo.svg","width":100,"height":100,"caption":"SPARRKS Service GmbH"},"image":{"@id":"https:\/\/sparrks.io\/#\/schema\/logo\/image\/"},"sameAs":["https:\/\/www.linkedin.com\/company\/sparrks","https:\/\/www.youtube.com\/channel\/UCXmPfD7LDocRfr1nXQq3kKg\/","https:\/\/de.linkedin.com\/company\/sparrks"]}]}},"_links":{"self":[{"href":"https:\/\/sparrks.io\/en\/wp-json\/wp\/v2\/pages\/13165","targetHints":{"allow":["GET"]}}],"collection":[{"href":"https:\/\/sparrks.io\/en\/wp-json\/wp\/v2\/pages"}],"about":[{"href":"https:\/\/sparrks.io\/en\/wp-json\/wp\/v2\/types\/page"}],"author":[{"embeddable":true,"href":"https:\/\/sparrks.io\/en\/wp-json\/wp\/v2\/users\/1"}],"replies":[{"embeddable":true,"href":"https:\/\/sparrks.io\/en\/wp-json\/wp\/v2\/comments?post=13165"}],"version-history":[{"count":0,"href":"https:\/\/sparrks.io\/en\/wp-json\/wp\/v2\/pages\/13165\/revisions"}],"wp:attachment":[{"href":"https:\/\/sparrks.io\/en\/wp-json\/wp\/v2\/media?parent=13165"}],"wp:term":[{"taxonomy":"category","embeddable":true,"href":"https:\/\/sparrks.io\/en\/wp-json\/wp\/v2\/categories?post=13165"},{"taxonomy":"post_tag","embeddable":true,"href":"https:\/\/sparrks.io\/en\/wp-json\/wp\/v2\/tags?post=13165"}],"curies":[{"name":"wp","href":"https:\/\/api.w.org\/{rel}","templated":true}]}}