{"id":9111,"date":"2022-04-28T12:20:20","date_gmt":"2022-04-28T10:20:20","guid":{"rendered":"https:\/\/sparrks.io\/?page_id=9111"},"modified":"2023-08-14T11:32:10","modified_gmt":"2023-08-14T09:32:10","slug":"reschedule-your-sparrks-coaching-session-2","status":"publish","type":"page","link":"https:\/\/sparrks.io\/en\/reschedule-your-sparrks-coaching-session-2\/","title":{"rendered":"Reschedule Coach"},"content":{"rendered":"\t\t<div data-elementor-type=\"wp-page\" data-elementor-id=\"9111\" class=\"elementor elementor-9111\" data-elementor-post-type=\"page\">\n\t\t\t\t\t\t<section data-particle_enable=\"false\" data-particle-mobile-disabled=\"false\" class=\"elementor-section elementor-top-section elementor-element elementor-element-a7b4228 elementor-section-full_width elementor-section-height-default elementor-section-height-default\" data-id=\"a7b4228\" data-element_type=\"section\" data-e-type=\"section\" data-settings=\"{&quot;background_background&quot;:&quot;gradient&quot;}\">\n\t\t\t\t\t\t<div class=\"elementor-container elementor-column-gap-default\">\n\t\t\t\t\t<div class=\"elementor-column elementor-col-100 elementor-top-column elementor-element elementor-element-c68430e content-box\" data-id=\"c68430e\" data-element_type=\"column\" data-e-type=\"column\">\n\t\t\t<div class=\"elementor-widget-wrap elementor-element-populated\">\n\t\t\t\t\t\t<div class=\"elementor-element elementor-element-58d41a4 elementor-widget elementor-widget-heading\" data-id=\"58d41a4\" data-element_type=\"widget\" data-e-type=\"widget\" data-widget_type=\"heading.default\">\n\t\t\t\t<div class=\"elementor-widget-container\">\n\t\t\t\t\t<h1 class=\"elementor-heading-title elementor-size-default\">Sparrks Coaching Session verschieben<\/h1>\t\t\t\t<\/div>\n\t\t\t\t<\/div>\n\t\t\t\t\t<\/div>\n\t\t<\/div>\n\t\t\t\t\t<\/div>\n\t\t<\/section>\n\t\t\t\t<section data-particle_enable=\"false\" data-particle-mobile-disabled=\"false\" class=\"elementor-section elementor-top-section elementor-element elementor-element-44339f6 elementor-section-boxed elementor-section-height-default elementor-section-height-default\" data-id=\"44339f6\" data-element_type=\"section\" data-e-type=\"section\">\n\t\t\t\t\t\t<div class=\"elementor-container elementor-column-gap-default\">\n\t\t\t\t\t<div class=\"elementor-column elementor-col-100 elementor-top-column elementor-element elementor-element-83bb3c2\" data-id=\"83bb3c2\" data-element_type=\"column\" data-e-type=\"column\" data-settings=\"{&quot;background_background&quot;:&quot;classic&quot;}\">\n\t\t\t<div class=\"elementor-widget-wrap elementor-element-populated\">\n\t\t\t\t\t\t<div class=\"elementor-element elementor-element-7d23cd8 eael-wpforms-labels-yes eael-wpforms-form-button-custom elementor-widget elementor-widget-eael-wpforms\" data-id=\"7d23cd8\" data-element_type=\"widget\" data-e-type=\"widget\" data-widget_type=\"eael-wpforms.default\">\n\t\t\t\t<div class=\"elementor-widget-container\">\n\t\t\t\t\t            <div class=\"eael-contact-form eael-wpforms eael-wpforms-align-default\">\n                                <div class=\"wpforms-container wpforms-container-full\" id=\"wpforms-3827\"><form id=\"wpforms-form-3827\" class=\"wpforms-validate wpforms-form wpforms-ajax-form\" data-formid=\"3827\" method=\"post\" enctype=\"multipart\/form-data\" action=\"\/en\/wp-json\/wp\/v2\/pages\/9111\" data-token=\"3ab482400612bcc0c9b0924c840ed1b3\" data-token-time=\"1776507822\"><div class=\"wpforms-head-container\"><\/div><noscript class=\"wpforms-error-noscript\">Please enable JavaScript in your browser to complete this form.<\/noscript><div class=\"wpforms-field-container\"><div id=\"wpforms-3827-field_1-container\" class=\"wpforms-field wpforms-field-text\" data-field-id=\"1\"><label class=\"wpforms-field-label\" for=\"wpforms-3827-field_1\">Sparrks Coaching User-ID (9 Ziffern, siehe Buchungsbest\u00e4tigungs-E-Mail) <span class=\"wpforms-required-label\">*<\/span><\/label><input type=\"text\" id=\"wpforms-3827-field_1\" class=\"wpforms-field-medium wpforms-field-required wpforms-limit-characters-enabled\" data-form-id=\"3827\" data-field-id=\"1\" data-text-limit=\"9\" name=\"wpforms[fields][1]\" placeholder=\"123456789\" maxlength=\"9\" required><\/div><div id=\"wpforms-3827-field_2-container\" class=\"wpforms-field wpforms-field-date-time\" data-field-id=\"2\"><label class=\"wpforms-field-label\" for=\"wpforms-3827-field_2\">Bitte schlagen Sie drei neue 45-min\u00fctige Zeitfenster f\u00fcr die Sparrks-Coaching-Sitzung vor, einschlie\u00dflich der Startzeit: <span class=\"wpforms-required-label\">*<\/span><\/label><div class=\"wpforms-field-row wpforms-field-large\"><div class=\"wpforms-field-row-block wpforms-date-type-datepicker\"><div class=\"wpforms-datepicker-wrap\"><input type=\"text\" id=\"wpforms-3827-field_2\" class=\"wpforms-field-date-time-date wpforms-datepicker wpforms-field-required\" data-date-format=\"d\/m\/Y\" data-limit-days=\"mon,tue,wed,thu,fri\" data-disable-past-dates=\"1\" data-disable-todays-date=\"0\" data-input=\"true\" name=\"wpforms[fields][2][date]\" placeholder=\"Datum\" required><a title=\"Clear Date\" data-clear role=\"button\" tabindex=\"0\" class=\"wpforms-datepicker-clear\" aria-label=\"Clear Date\" style=\"display:none;\"><\/a><\/div><label for=\"wpforms-3827-field_2\" class=\"wpforms-field-sublabel after wpforms-sublabel-hide\">Date<\/label><\/div><div class=\"wpforms-field-row-block\"><input type=\"text\" id=\"wpforms-3827-field_2-time\" class=\"wpforms-field-date-time-time wpforms-timepicker wpforms-field-required\" data-time-format=\"H:i\" data-step=\"15\" data-rule-time24h=\"true\" data-min-time=\"06:00\" data-max-time=\"22:00\" data-rule-time-limit=\"true\" name=\"wpforms[fields][2][time]\" placeholder=\"Zeit\" required><label for=\"wpforms-3827-field_2-time\" class=\"wpforms-field-sublabel after wpforms-sublabel-hide\">Time<\/label><\/div><\/div><\/div><div id=\"wpforms-3827-field_3-container\" class=\"wpforms-field wpforms-field-date-time\" data-field-id=\"3\"><label class=\"wpforms-field-label wpforms-label-hide\" for=\"wpforms-3827-field_3\">Datum \/ Time #2 <span class=\"wpforms-required-label\">*<\/span><\/label><div class=\"wpforms-field-row wpforms-field-large\"><div class=\"wpforms-field-row-block wpforms-date-type-datepicker\"><div class=\"wpforms-datepicker-wrap\"><input type=\"text\" id=\"wpforms-3827-field_3\" class=\"wpforms-field-date-time-date wpforms-datepicker wpforms-field-required\" data-date-format=\"d\/m\/Y\" data-limit-days=\"mon,tue,wed,thu,fri\" data-disable-past-dates=\"1\" data-disable-todays-date=\"0\" data-input=\"true\" name=\"wpforms[fields][3][date]\" placeholder=\"Datum\" required><a title=\"Clear Date\" data-clear role=\"button\" tabindex=\"0\" class=\"wpforms-datepicker-clear\" aria-label=\"Clear Date\" style=\"display:none;\"><\/a><\/div><label for=\"wpforms-3827-field_3\" class=\"wpforms-field-sublabel after wpforms-sublabel-hide\">Date<\/label><\/div><div class=\"wpforms-field-row-block\"><input type=\"text\" id=\"wpforms-3827-field_3-time\" class=\"wpforms-field-date-time-time wpforms-timepicker wpforms-field-required\" data-time-format=\"H:i\" data-step=\"15\" data-rule-time24h=\"true\" data-min-time=\"06:00\" data-max-time=\"22:00\" data-rule-time-limit=\"true\" name=\"wpforms[fields][3][time]\" placeholder=\"Zeit\" required><label for=\"wpforms-3827-field_3-time\" class=\"wpforms-field-sublabel after wpforms-sublabel-hide\">Time<\/label><\/div><\/div><\/div><div id=\"wpforms-3827-field_4-container\" class=\"wpforms-field wpforms-field-date-time\" data-field-id=\"4\"><label class=\"wpforms-field-label wpforms-label-hide\" for=\"wpforms-3827-field_4\">Date \/ Time #3 <span class=\"wpforms-required-label\">*<\/span><\/label><div class=\"wpforms-field-row wpforms-field-large\"><div class=\"wpforms-field-row-block wpforms-date-type-datepicker\"><div class=\"wpforms-datepicker-wrap\"><input type=\"text\" id=\"wpforms-3827-field_4\" class=\"wpforms-field-date-time-date wpforms-datepicker wpforms-field-required\" data-date-format=\"d\/m\/Y\" data-limit-days=\"mon,tue,wed,thu,fri\" data-disable-past-dates=\"1\" data-disable-todays-date=\"0\" data-input=\"true\" name=\"wpforms[fields][4][date]\" placeholder=\"Datum\" required><a title=\"Clear Date\" data-clear role=\"button\" tabindex=\"0\" class=\"wpforms-datepicker-clear\" aria-label=\"Clear Date\" style=\"display:none;\"><\/a><\/div><label for=\"wpforms-3827-field_4\" class=\"wpforms-field-sublabel after wpforms-sublabel-hide\">Date<\/label><\/div><div class=\"wpforms-field-row-block\"><input type=\"text\" id=\"wpforms-3827-field_4-time\" class=\"wpforms-field-date-time-time wpforms-timepicker wpforms-field-required\" data-time-format=\"H:i\" data-step=\"15\" data-rule-time24h=\"true\" data-min-time=\"06:00\" data-max-time=\"22:00\" data-rule-time-limit=\"true\" name=\"wpforms[fields][4][time]\" placeholder=\"Zeit\" required><label for=\"wpforms-3827-field_4-time\" class=\"wpforms-field-sublabel after wpforms-sublabel-hide\">Time<\/label><\/div><\/div><\/div><div id=\"wpforms-3827-field_5-container\" class=\"wpforms-field wpforms-field-textarea\" data-field-id=\"5\"><label class=\"wpforms-field-label\" for=\"wpforms-3827-field_5\">Bitte teilen Sie mit Ihrem Coachee und uns den Grund f\u00fcr die Verschiebung der Session <span class=\"wpforms-required-label\">*<\/span><\/label><textarea id=\"wpforms-3827-field_5\" class=\"wpforms-field-medium wpforms-field-required\" name=\"wpforms[fields][5]\" required><\/textarea><\/div><\/div><!-- .wpforms-field-container --><div class=\"wpforms-submit-container\" ><input type=\"hidden\" name=\"wpforms[id]\" value=\"3827\"><input type=\"hidden\" name=\"page_title\" value=\"\"><input type=\"hidden\" name=\"page_url\" value=\"https:\/\/sparrks.io\/en\/wp-json\/wp\/v2\/pages\/9111\"><input type=\"hidden\" name=\"url_referer\" value=\"\"><button type=\"submit\" name=\"wpforms[submit]\" id=\"wpforms-submit-3827\" class=\"wpforms-submit\" aria-live=\"assertive\" value=\"wpforms-submit\">Absenden<\/button><img decoding=\"async\" src=\"https:\/\/sparrks.io\/wp-content\/plugins\/wpforms\/assets\/images\/submit-spin.svg\" class=\"wpforms-submit-spinner\" style=\"display: none;\" width=\"26\" height=\"26\" alt=\"Loading\"><\/div><\/form><\/div>  <!-- .wpforms-container -->            <\/div>\n\t\t\t\t<\/div>\n\t\t\t\t<\/div>\n\t\t\t\t\t<\/div>\n\t\t<\/div>\n\t\t\t\t\t<\/div>\n\t\t<\/section>\n\t\t\t\t<section data-particle_enable=\"false\" data-particle-mobile-disabled=\"false\" class=\"elementor-section elementor-top-section elementor-element elementor-element-05a9f2d elementor-section-full_width elementor-section-height-default elementor-section-height-default\" data-id=\"05a9f2d\" data-element_type=\"section\" data-e-type=\"section\">\n\t\t\t\t\t\t<div class=\"elementor-container elementor-column-gap-default\">\n\t\t\t\t\t<div class=\"elementor-column elementor-col-100 elementor-top-column elementor-element elementor-element-6d89f21\" data-id=\"6d89f21\" data-element_type=\"column\" data-e-type=\"column\">\n\t\t\t<div class=\"elementor-widget-wrap elementor-element-populated\">\n\t\t\t\t\t\t<div class=\"elementor-element elementor-element-3b5e7ea elementor-widget elementor-widget-template\" data-id=\"3b5e7ea\" data-element_type=\"widget\" data-e-type=\"widget\" data-widget_type=\"template.default\">\n\t\t\t\t<div class=\"elementor-widget-container\">\n\t\t\t\t\t\t\t<div class=\"elementor-template\">\n\t\t\t\t\t<div data-elementor-type=\"page\" data-elementor-id=\"10876\" class=\"elementor elementor-10876\" data-elementor-post-type=\"elementor_library\">\n\t\t\t\t<div data-particle_enable=\"false\" data-particle-mobile-disabled=\"false\" class=\"elementor-element elementor-element-2df40f5 e-flex e-con-boxed e-con e-parent\" data-id=\"2df40f5\" data-element_type=\"container\" data-e-type=\"container\" data-settings=\"{&quot;background_background&quot;:&quot;gradient&quot;}\">\n\t\t\t\t\t<div class=\"e-con-inner\">\n\t\t\t\t<div class=\"elementor-element elementor-element-c8028f3 elementor-widget elementor-widget-heading\" data-id=\"c8028f3\" data-element_type=\"widget\" data-e-type=\"widget\" data-widget_type=\"heading.default\">\n\t\t\t\t<div class=\"elementor-widget-container\">\n\t\t\t\t\t<h2 class=\"elementor-heading-title elementor-size-default\">Fragen?<\/h2>\t\t\t\t<\/div>\n\t\t\t\t<\/div>\n\t\t\t\t<div class=\"elementor-element elementor-element-260d033 elementor-widget elementor-widget-text-editor\" data-id=\"260d033\" data-element_type=\"widget\" data-e-type=\"widget\" data-widget_type=\"text-editor.default\">\n\t\t\t\t<div class=\"elementor-widget-container\">\n\t\t\t\t\t\t\t\t\t<p><span style=\"font-weight: 400;\">Wir freuen uns von Ihnen zu h\u00f6ren!<\/span><\/p>\t\t\t\t\t\t\t\t<\/div>\n\t\t\t\t<\/div>\n\t\t\t\t<div class=\"elementor-element elementor-element-1b69c0d elementor-widget elementor-widget-image\" data-id=\"1b69c0d\" data-element_type=\"widget\" data-e-type=\"widget\" data-widget_type=\"image.default\">\n\t\t\t\t<div class=\"elementor-widget-container\">\n\t\t\t\t\t\t\t\t\t\t\t\t\t\t\t<img decoding=\"async\" src=\"https:\/\/sparrks.io\/wp-content\/uploads\/elementor\/thumbs\/Sparrks_Coaching_Expert_Small-qq01qjm6czqik5maba7i7cxn8ouupm4irv49l2q2xo.jpg\" title=\"Female Sparrks Coaching Expert\" alt=\"Portrait einer lachenden F\u00fchrungskr\u00e4fte Coaching Expertin\" loading=\"lazy\" \/>\t\t\t\t\t\t\t\t\t\t\t\t\t\t\t<\/div>\n\t\t\t\t<\/div>\n\t\t<div data-particle_enable=\"false\" data-particle-mobile-disabled=\"false\" class=\"elementor-element elementor-element-598017c e-flex e-con-boxed e-con e-child\" data-id=\"598017c\" data-element_type=\"container\" data-e-type=\"container\">\n\t\t\t\t\t<div class=\"e-con-inner\">\n\t\t\t\t<div class=\"elementor-element elementor-element-b48d036 elementor-view-default elementor-widget elementor-widget-icon\" data-id=\"b48d036\" data-element_type=\"widget\" data-e-type=\"widget\" data-widget_type=\"icon.default\">\n\t\t\t\t<div class=\"elementor-widget-container\">\n\t\t\t\t\t\t\t<div class=\"elementor-icon-wrapper\">\n\t\t\t<div class=\"elementor-icon\">\n\t\t\t<svg aria-hidden=\"true\" class=\"e-font-icon-svg e-fas-phone-alt\" viewBox=\"0 0 512 512\" xmlns=\"http:\/\/www.w3.org\/2000\/svg\"><path d=\"M497.39 361.8l-112-48a24 24 0 0 0-28 6.9l-49.6 60.6A370.66 370.66 0 0 1 130.6 204.11l60.6-49.6a23.94 23.94 0 0 0 6.9-28l-48-112A24.16 24.16 0 0 0 122.6.61l-104 24A24 24 0 0 0 0 48c0 256.5 207.9 464 464 464a24 24 0 0 0 23.4-18.6l24-104a24.29 24.29 0 0 0-14.01-27.6z\"><\/path><\/svg>\t\t\t<\/div>\n\t\t<\/div>\n\t\t\t\t\t\t<\/div>\n\t\t\t\t<\/div>\n\t\t\t\t<div class=\"elementor-element elementor-element-dc80b4f elementor-widget elementor-widget-text-editor\" data-id=\"dc80b4f\" data-element_type=\"widget\" data-e-type=\"widget\" data-widget_type=\"text-editor.default\">\n\t\t\t\t<div class=\"elementor-widget-container\">\n\t\t\t\t\t\t\t\t\t<p><span style=\"color: #ffffff;\"><a style=\"color: #ffffff;\" href=\"tel:004903052014961\">+49 (0)30 52014961<\/a><\/span><\/p>\t\t\t\t\t\t\t\t<\/div>\n\t\t\t\t<\/div>\n\t\t\t\t<div class=\"elementor-element elementor-element-ad2edb8 elementor-hidden-mobile elementor-widget elementor-widget-text-editor\" data-id=\"ad2edb8\" data-element_type=\"widget\" data-e-type=\"widget\" data-widget_type=\"text-editor.default\">\n\t\t\t\t<div class=\"elementor-widget-container\">\n\t\t\t\t\t\t\t\t\t|\t\t\t\t\t\t\t\t<\/div>\n\t\t\t\t<\/div>\n\t\t\t\t<div class=\"elementor-element elementor-element-3feb501 elementor-view-default elementor-widget elementor-widget-icon\" data-id=\"3feb501\" data-element_type=\"widget\" data-e-type=\"widget\" data-widget_type=\"icon.default\">\n\t\t\t\t<div class=\"elementor-widget-container\">\n\t\t\t\t\t\t\t<div class=\"elementor-icon-wrapper\">\n\t\t\t<div class=\"elementor-icon\">\n\t\t\t<svg aria-hidden=\"true\" class=\"e-font-icon-svg e-fas-envelope\" viewBox=\"0 0 512 512\" xmlns=\"http:\/\/www.w3.org\/2000\/svg\"><path d=\"M502.3 190.8c3.9-3.1 9.7-.2 9.7 4.7V400c0 26.5-21.5 48-48 48H48c-26.5 0-48-21.5-48-48V195.6c0-5 5.7-7.8 9.7-4.7 22.4 17.4 52.1 39.5 154.1 113.6 21.1 15.4 56.7 47.8 92.2 47.6 35.7.3 72-32.8 92.3-47.6 102-74.1 131.6-96.3 154-113.7zM256 320c23.2.4 56.6-29.2 73.4-41.4 132.7-96.3 142.8-104.7 173.4-128.7 5.8-4.5 9.2-11.5 9.2-18.9v-19c0-26.5-21.5-48-48-48H48C21.5 64 0 85.5 0 112v19c0 7.4 3.4 14.3 9.2 18.9 30.6 23.9 40.7 32.4 173.4 128.7 16.8 12.2 50.2 41.8 73.4 41.4z\"><\/path><\/svg>\t\t\t<\/div>\n\t\t<\/div>\n\t\t\t\t\t\t<\/div>\n\t\t\t\t<\/div>\n\t\t\t\t<div class=\"elementor-element elementor-element-35c07e4 elementor-widget elementor-widget-text-editor\" data-id=\"35c07e4\" data-element_type=\"widget\" data-e-type=\"widget\" data-widget_type=\"text-editor.default\">\n\t\t\t\t<div class=\"elementor-widget-container\">\n\t\t\t\t\t\t\t\t\t<p><span style=\"color: #ffffff;\"><a style=\"color: #ffffff;\" href=\"info@sparrks.de\">info@sparrks.de<\/a><\/span><\/p>\t\t\t\t\t\t\t\t<\/div>\n\t\t\t\t<\/div>\n\t\t\t\t\t<\/div>\n\t\t\t\t<\/div>\n\t\t\t\t\t<\/div>\n\t\t\t\t<\/div>\n\t\t\t\t<\/div>\n\t\t\t\t<\/div>\n\t\t\t\t\t\t<\/div>\n\t\t\t\t<\/div>\n\t\t\t\t\t<\/div>\n\t\t<\/div>\n\t\t\t\t\t<\/div>\n\t\t<\/section>\n\t\t\t\t<\/div>\n\t\t","protected":false},"excerpt":{"rendered":"<p>Sparrks Coaching Session verschieben Please enable JavaScript in your browser to complete this form.Sparrks Coaching User-ID (9 Ziffern, siehe Buchungsbest\u00e4tigungs-E-Mail) *Bitte schlagen Sie drei neue 45-min\u00fctige Zeitfenster f\u00fcr die Sparrks-Coaching-Sitzung vor, einschlie\u00dflich der Startzeit: *DateTimeDatum \/ Time #2 *DateTimeDate \/ Time #3 *DateTimeBitte teilen Sie mit Ihrem Coachee und uns den Grund f\u00fcr die Verschiebung [&hellip;]<\/p>\n","protected":false},"author":1,"featured_media":0,"parent":0,"menu_order":0,"comment_status":"closed","ping_status":"closed","template":"","meta":{"_acf_changed":false,"content-type":"","footnotes":""},"categories":[],"tags":[],"class_list":["post-9111","page","type-page","status-publish","hentry"],"acf":[],"yoast_head":"<!-- This site is optimized with the Yoast SEO plugin v27.2 - https:\/\/yoast.com\/product\/yoast-seo-wordpress\/ -->\n<title>Reschedule Coach - Sparrks<\/title>\n<meta name=\"description\" content=\"Sparrks Coaching Session verschieben: Geben Sie den Grund f\u00fcr die Verschiebung ein und schlagen Sie einen neuen Termin vor.\" \/>\n<meta name=\"robots\" content=\"index, follow, max-snippet:-1, max-image-preview:large, max-video-preview:-1\" \/>\n<link rel=\"canonical\" href=\"https:\/\/sparrks.io\/en\/reschedule-your-sparrks-coaching-session-2\/\" \/>\n<meta property=\"og:locale\" content=\"en_US\" \/>\n<meta property=\"og:type\" content=\"article\" \/>\n<meta property=\"og:title\" content=\"Reschedule Coach - Sparrks\" \/>\n<meta property=\"og:description\" content=\"Sparrks Coaching Session verschieben: Geben Sie den Grund f\u00fcr die Verschiebung ein und schlagen Sie einen neuen Termin vor.\" \/>\n<meta property=\"og:url\" content=\"https:\/\/sparrks.io\/en\/reschedule-your-sparrks-coaching-session-2\/\" \/>\n<meta property=\"og:site_name\" content=\"Sparrks\" \/>\n<meta property=\"article:modified_time\" content=\"2023-08-14T09:32:10+00:00\" \/>\n<meta property=\"og:image\" content=\"https:\/\/sparrks.io\/wp-content\/plugins\/wpforms\/assets\/images\/submit-spin.svg\" \/>\n<meta name=\"twitter:card\" content=\"summary_large_image\" \/>\n<meta name=\"twitter:label1\" content=\"Est. reading time\" \/>\n\t<meta name=\"twitter:data1\" content=\"1 minute\" \/>\n<script type=\"application\/ld+json\" class=\"yoast-schema-graph\">{\"@context\":\"https:\/\/schema.org\",\"@graph\":[{\"@type\":\"WebPage\",\"@id\":\"https:\/\/sparrks.io\/reschedule-your-sparrks-coaching-session-2\/\",\"url\":\"https:\/\/sparrks.io\/reschedule-your-sparrks-coaching-session-2\/\",\"name\":\"Reschedule Coach - Sparrks\",\"isPartOf\":{\"@id\":\"https:\/\/sparrks.io\/#website\"},\"primaryImageOfPage\":{\"@id\":\"https:\/\/sparrks.io\/reschedule-your-sparrks-coaching-session-2\/#primaryimage\"},\"image\":{\"@id\":\"https:\/\/sparrks.io\/reschedule-your-sparrks-coaching-session-2\/#primaryimage\"},\"thumbnailUrl\":\"https:\/\/sparrks.io\/wp-content\/plugins\/wpforms\/assets\/images\/submit-spin.svg\",\"datePublished\":\"2022-04-28T10:20:20+00:00\",\"dateModified\":\"2023-08-14T09:32:10+00:00\",\"description\":\"Sparrks Coaching Session verschieben: Geben Sie den Grund f\u00fcr die Verschiebung ein und schlagen Sie einen neuen Termin vor.\",\"breadcrumb\":{\"@id\":\"https:\/\/sparrks.io\/reschedule-your-sparrks-coaching-session-2\/#breadcrumb\"},\"inLanguage\":\"en-US\",\"potentialAction\":[{\"@type\":\"ReadAction\",\"target\":[\"https:\/\/sparrks.io\/reschedule-your-sparrks-coaching-session-2\/\"]}]},{\"@type\":\"ImageObject\",\"inLanguage\":\"en-US\",\"@id\":\"https:\/\/sparrks.io\/reschedule-your-sparrks-coaching-session-2\/#primaryimage\",\"url\":\"https:\/\/sparrks.io\/wp-content\/plugins\/wpforms\/assets\/images\/submit-spin.svg\",\"contentUrl\":\"https:\/\/sparrks.io\/wp-content\/plugins\/wpforms\/assets\/images\/submit-spin.svg\"},{\"@type\":\"BreadcrumbList\",\"@id\":\"https:\/\/sparrks.io\/reschedule-your-sparrks-coaching-session-2\/#breadcrumb\",\"itemListElement\":[{\"@type\":\"ListItem\",\"position\":1,\"name\":\"Home\",\"item\":\"https:\/\/sparrks.io\/\"},{\"@type\":\"ListItem\",\"position\":2,\"name\":\"Reschedule Coach\"}]},{\"@type\":\"WebSite\",\"@id\":\"https:\/\/sparrks.io\/#website\",\"url\":\"https:\/\/sparrks.io\/\",\"name\":\"Sparrks\",\"description\":\"Coaching Plattform f\u00fcr Unternehmen\",\"publisher\":{\"@id\":\"https:\/\/sparrks.io\/#organization\"},\"potentialAction\":[{\"@type\":\"SearchAction\",\"target\":{\"@type\":\"EntryPoint\",\"urlTemplate\":\"https:\/\/sparrks.io\/?s={search_term_string}\"},\"query-input\":{\"@type\":\"PropertyValueSpecification\",\"valueRequired\":true,\"valueName\":\"search_term_string\"}}],\"inLanguage\":\"en-US\"},{\"@type\":\"Organization\",\"@id\":\"https:\/\/sparrks.io\/#organization\",\"name\":\"SPARRKS Service GmbH\",\"url\":\"https:\/\/sparrks.io\/\",\"logo\":{\"@type\":\"ImageObject\",\"inLanguage\":\"en-US\",\"@id\":\"https:\/\/sparrks.io\/#\/schema\/logo\/image\/\",\"url\":\"https:\/\/sparrks.io\/wp-content\/uploads\/2021\/09\/Sparrks_Logo.svg\",\"contentUrl\":\"https:\/\/sparrks.io\/wp-content\/uploads\/2021\/09\/Sparrks_Logo.svg\",\"width\":100,\"height\":100,\"caption\":\"SPARRKS Service GmbH\"},\"image\":{\"@id\":\"https:\/\/sparrks.io\/#\/schema\/logo\/image\/\"},\"sameAs\":[\"https:\/\/www.linkedin.com\/company\/sparrks\",\"https:\/\/www.youtube.com\/channel\/UCXmPfD7LDocRfr1nXQq3kKg\/\",\"https:\/\/de.linkedin.com\/company\/sparrks\"]}]}<\/script>\n<!-- \/ Yoast SEO plugin. -->","yoast_head_json":{"title":"Reschedule your coach - Sparrks","description":"Reschedule your Sparrks Coaching session: Insert the reason for rescheduling and propose a new time convenient for you.","robots":{"index":"index","follow":"follow","max-snippet":"max-snippet:-1","max-image-preview":"max-image-preview:large","max-video-preview":"max-video-preview:-1"},"canonical":"https:\/\/sparrks.io\/en\/reschedule-your-sparrks-coaching-session-2\/","og_locale":"en_US","og_type":"article","og_title":"Reschedule Coach - Sparrks","og_description":"Sparrks Coaching Session verschieben: Geben Sie den Grund f\u00fcr die Verschiebung ein und schlagen Sie einen neuen Termin vor.","og_url":"https:\/\/sparrks.io\/en\/reschedule-your-sparrks-coaching-session-2\/","og_site_name":"Sparrks","article_modified_time":"2023-08-14T09:32:10+00:00","og_image":[{"url":"https:\/\/sparrks.io\/wp-content\/plugins\/wpforms\/assets\/images\/submit-spin.svg","type":"","width":"","height":""}],"twitter_card":"summary_large_image","twitter_misc":{"Est. reading time":"1 minute"},"schema":{"@context":"https:\/\/schema.org","@graph":[{"@type":"WebPage","@id":"https:\/\/sparrks.io\/reschedule-your-sparrks-coaching-session-2\/","url":"https:\/\/sparrks.io\/reschedule-your-sparrks-coaching-session-2\/","name":"Reschedule your coach - Sparrks","isPartOf":{"@id":"https:\/\/sparrks.io\/#website"},"primaryImageOfPage":{"@id":"https:\/\/sparrks.io\/reschedule-your-sparrks-coaching-session-2\/#primaryimage"},"image":{"@id":"https:\/\/sparrks.io\/reschedule-your-sparrks-coaching-session-2\/#primaryimage"},"thumbnailUrl":"https:\/\/sparrks.io\/wp-content\/plugins\/wpforms\/assets\/images\/submit-spin.svg","datePublished":"2022-04-28T10:20:20+00:00","dateModified":"2023-08-14T09:32:10+00:00","description":"Reschedule your Sparrks Coaching session: Insert the reason for rescheduling and propose a new time convenient for you.","breadcrumb":{"@id":"https:\/\/sparrks.io\/reschedule-your-sparrks-coaching-session-2\/#breadcrumb"},"inLanguage":"en-US","potentialAction":[{"@type":"ReadAction","target":["https:\/\/sparrks.io\/reschedule-your-sparrks-coaching-session-2\/"]}]},{"@type":"ImageObject","inLanguage":"en-US","@id":"https:\/\/sparrks.io\/reschedule-your-sparrks-coaching-session-2\/#primaryimage","url":"https:\/\/sparrks.io\/wp-content\/plugins\/wpforms\/assets\/images\/submit-spin.svg","contentUrl":"https:\/\/sparrks.io\/wp-content\/plugins\/wpforms\/assets\/images\/submit-spin.svg"},{"@type":"BreadcrumbList","@id":"https:\/\/sparrks.io\/reschedule-your-sparrks-coaching-session-2\/#breadcrumb","itemListElement":[{"@type":"ListItem","position":1,"name":"Home","item":"https:\/\/sparrks.io\/"},{"@type":"ListItem","position":2,"name":"Reschedule Coach"}]},{"@type":"WebSite","@id":"https:\/\/sparrks.io\/#website","url":"https:\/\/sparrks.io\/","name":"Sparrks","description":"Coaching Plattform f\u00fcr Unternehmen","publisher":{"@id":"https:\/\/sparrks.io\/#organization"},"potentialAction":[{"@type":"SearchAction","target":{"@type":"EntryPoint","urlTemplate":"https:\/\/sparrks.io\/?s={search_term_string}"},"query-input":{"@type":"PropertyValueSpecification","valueRequired":true,"valueName":"search_term_string"}}],"inLanguage":"en-US"},{"@type":"Organization","@id":"https:\/\/sparrks.io\/#organization","name":"SPARRKS Service GmbH","url":"https:\/\/sparrks.io\/","logo":{"@type":"ImageObject","inLanguage":"en-US","@id":"https:\/\/sparrks.io\/#\/schema\/logo\/image\/","url":"https:\/\/sparrks.io\/wp-content\/uploads\/2021\/09\/Sparrks_Logo.svg","contentUrl":"https:\/\/sparrks.io\/wp-content\/uploads\/2021\/09\/Sparrks_Logo.svg","width":100,"height":100,"caption":"SPARRKS Service GmbH"},"image":{"@id":"https:\/\/sparrks.io\/#\/schema\/logo\/image\/"},"sameAs":["https:\/\/www.linkedin.com\/company\/sparrks","https:\/\/www.youtube.com\/channel\/UCXmPfD7LDocRfr1nXQq3kKg\/","https:\/\/de.linkedin.com\/company\/sparrks"]}]}},"_links":{"self":[{"href":"https:\/\/sparrks.io\/en\/wp-json\/wp\/v2\/pages\/9111","targetHints":{"allow":["GET"]}}],"collection":[{"href":"https:\/\/sparrks.io\/en\/wp-json\/wp\/v2\/pages"}],"about":[{"href":"https:\/\/sparrks.io\/en\/wp-json\/wp\/v2\/types\/page"}],"author":[{"embeddable":true,"href":"https:\/\/sparrks.io\/en\/wp-json\/wp\/v2\/users\/1"}],"replies":[{"embeddable":true,"href":"https:\/\/sparrks.io\/en\/wp-json\/wp\/v2\/comments?post=9111"}],"version-history":[{"count":0,"href":"https:\/\/sparrks.io\/en\/wp-json\/wp\/v2\/pages\/9111\/revisions"}],"wp:attachment":[{"href":"https:\/\/sparrks.io\/en\/wp-json\/wp\/v2\/media?parent=9111"}],"wp:term":[{"taxonomy":"category","embeddable":true,"href":"https:\/\/sparrks.io\/en\/wp-json\/wp\/v2\/categories?post=9111"},{"taxonomy":"post_tag","embeddable":true,"href":"https:\/\/sparrks.io\/en\/wp-json\/wp\/v2\/tags?post=9111"}],"curies":[{"name":"wp","href":"https:\/\/api.w.org\/{rel}","templated":true}]}}